{"id":400,"date":"2025-02-09T20:10:38","date_gmt":"2025-02-09T19:10:38","guid":{"rendered":"https:\/\/cafetiko.dunakanyaresztetika.hu\/?page_id=400"},"modified":"2025-02-09T20:10:40","modified_gmt":"2025-02-09T19:10:40","slug":"kapcsolat","status":"publish","type":"page","link":"https:\/\/cafetiko.com\/index.php\/hu\/kapcsolat\/","title":{"rendered":"Kapcsolat"},"content":{"rendered":"","protected":false},"excerpt":{"rendered":"","protected":false},"author":1,"featured_media":0,"parent":0,"menu_order":0,"comment_status":"closed","ping_status":"closed","template":"","meta":{"_seopress_robots_primary_cat":"","_seopress_titles_title":"Caf\u00e9 Tiko | Kapcsolat","_seopress_titles_desc":"K\u00e9rd\u00e9sed van? Valamit nem tal\u00e1lsz? Term\u00e9keink fel\u0151l \u00e9rdekl\u0151dn\u00e9l? L\u00e9pj kapcsolatba vel\u00fcnk!","_seopress_robots_index":"","footnotes":""},"class_list":["post-400","page","type-page","status-publish","hentry"],"lang":"hu","translations":{"hu":400,"en":404},"jetpack_sharing_enabled":true,"pll_sync_post":[],"_links":{"self":[{"href":"https:\/\/cafetiko.com\/index.php\/wp-json\/wp\/v2\/pages\/400","targetHints":{"allow":["GET"]}}],"collection":[{"href":"https:\/\/cafetiko.com\/index.php\/wp-json\/wp\/v2\/pages"}],"about":[{"href":"https:\/\/cafetiko.com\/index.php\/wp-json\/wp\/v2\/types\/page"}],"author":[{"embeddable":true,"href":"https:\/\/cafetiko.com\/index.php\/wp-json\/wp\/v2\/users\/1"}],"replies":[{"embeddable":true,"href":"https:\/\/cafetiko.com\/index.php\/wp-json\/wp\/v2\/comments?post=400"}],"version-history":[{"count":1,"href":"https:\/\/cafetiko.com\/index.php\/wp-json\/wp\/v2\/pages\/400\/revisions"}],"predecessor-version":[{"id":403,"href":"https:\/\/cafetiko.com\/index.php\/wp-json\/wp\/v2\/pages\/400\/revisions\/403"}],"wp:attachment":[{"href":"https:\/\/cafetiko.com\/index.php\/wp-json\/wp\/v2\/media?parent=400"}],"curies":[{"name":"wp","href":"https:\/\/api.w.org\/{rel}","templated":true}]}}