{"id":1228,"date":"2025-02-27T13:35:40","date_gmt":"2025-02-27T12:35:40","guid":{"rendered":"https:\/\/cafetiko.dunakanyaresztetika.hu\/?post_type=product&#038;p=1228"},"modified":"2025-11-16T23:51:04","modified_gmt":"2025-11-16T22:51:04","slug":"nyungwe-ruanda-to-go","status":"publish","type":"product","link":"https:\/\/cafetiko.com\/index.php\/hu\/product\/nyungwe-ruanda-to-go\/","title":{"rendered":"Nyungwe &#8211; Ruanda vidd magaddal specialty k\u00e1v\u00e9"},"content":{"rendered":"","protected":false},"excerpt":{"rendered":"<h2>Nyungwe &#8211; Ruanda vidd magaddal specialty k\u00e1v\u00e9<\/h2>\n<p>Excellent min\u0151s\u00edt\u00e9s\u0171, 100% Arabica k\u00e1v\u00e9 Ruand\u00e1b\u00f3l, melyet arra tervezt\u00fcnk, hogy magaddal vihesd kedvencedet, b\u00e1rhov\u00e1 is m\u00e9sz.<\/p>\n<p>Az elk\u00e9sz\u00edt\u00e9s\u00e9hez a filter mell\u00e9 csak egy b\u00f6gr\u00e9re, forr\u00f3 v\u00edzre \u00e9s p\u00e1r percre lesz sz\u00fcks\u00e9ged.<\/p>\n<p>Az Abadatezuka Cooperative kistermel\u0151k egy csoportja Ruanda nyugati tartom\u00e1ny\u00e1ban, akik a lesz\u00fcretelt k\u00e1v\u00e9babokat a Cyato mos\u00f3\u00e1llom\u00e1sra sz\u00e1ll\u00edtj\u00e1k. Az itteni termel\u0151k eg\u00e9szen 2200 m\u00e9teres tengerszint feletti magass\u00e1gig termesztenek k\u00e1v\u00e9t, a mos\u00f3\u00e1llom\u00e1s pedig 1850 m\u00e9teres tengerszint feletti magass\u00e1gban tal\u00e1lhat\u00f3. Ezt a mos\u00f3\u00e1llom\u00e1st 2017-ben hozt\u00e1k l\u00e9tre<strong>,<\/strong> ahol a termel\u0151k a k\u00e1v\u00e9kat a k\u00f6rnyez\u0151 Kivoga, Kageyo, Rusumo, Gatare \u00e9s Nsinduka ter\u00fcleteir\u0151l gy\u00fajtik \u00f6ssze, \u00e9s dolgozz\u00e1k fel.<\/p>\n<p>A k\u00e1v\u00e9 egyik \u00e9rdekess\u00e9ge, hogy a nyungwei erd\u0151ben \u00e9s k\u00f6rny\u00e9k\u00e9n \u00e9l\u0151 \u0151shonos m\u00e9zel\u0151 m\u00e9hek, ahol a k\u00e1v\u00e9t termesztik, r\u00e9szben felel\u0151sek a k\u00e1v\u00e9 &#8220;egyedi profilj\u00e1\u00e9rt&#8221;. A m\u00e9hek \u00e1ltali beporz\u00e1s mellett a term\u00e9keny talaj (fekete humuszos \u00e9s homokos talaj), valamint a k\u00f6zelben tal\u00e1lhat\u00f3 Kivu-t\u00f3 miatti h\u0171v\u00f6sebb \u00e9ghajlat alak\u00edtja a cs\u00e9sz\u00e9ben tal\u00e1lhat\u00f3 \u00edzeket.<\/p>\n<p>A farmerek sem a termel\u00e9s sem a feldolgoz\u00e1s sor\u00e1n nem haszn\u00e1lnak szintetikus anyagokat, sem m\u0171tr\u00e1gyak\u00e9nt, sem k\u00e1rtev\u0151k elleni irt\u00f3szereket.<\/p>\n<p>100% Arabica filter k\u00e1v\u00e9<\/p>\n<p><strong>Mosott feldolgoz\u00e1s<\/strong>. Ezt a k\u00e1v\u00e9t <strong>vil\u00e1gos p\u00f6rk\u00f6l\u00e9s<\/strong>sel sz\u00e1ll\u00edtjuk.<\/p>\n<p>A k\u00fcls\u0151 csomagol\u00e1s teljesen \u00fajrahasznos\u00edthat\u00f3, a filter az elk\u00e9sz\u00edt\u00e9s ut\u00e1n komposzt hullad\u00e9kk\u00e9nt kezelend\u0151.<\/p>\n","protected":false},"featured_media":1122,"comment_status":"open","ping_status":"closed","template":"","meta":{"_seopress_robots_primary_cat":"none","_seopress_titles_title":"Caf\u00e9 Tiko | Nyungwe - Ruanda vidd magaddal specialty k\u00e1v\u00e9","_seopress_titles_desc":"Specialty filterk\u00e1v\u00e9 Ruand\u00e1b\u00f3l, neked tervezve, hogy b\u00e1rhov\u00e1 magaddal vihesd a kedvenc k\u00e1v\u00e9d. Mosott feldolgoz\u00e1s, vil\u00e1gos p\u00f6rk\u00f6l\u00e9s.","_seopress_robots_index":""},"product_brand":[44],"product_cat":[74,62],"product_tag":[],"class_list":{"0":"post-1228","1":"product","2":"type-product","3":"status-publish","4":"has-post-thumbnail","6":"product_brand-cafetiko","7":"product_cat-filterkave","8":"product_cat-kaveink","10":"first","11":"instock","12":"shipping-taxable","13":"purchasable","14":"product-type-variable","15":"has-default-attributes"},"jetpack_sharing_enabled":true,"pll_sync_post":[],"lang":"hu","translations":{"hu":1228,"en":1234},"_links":{"self":[{"href":"https:\/\/cafetiko.com\/index.php\/wp-json\/wp\/v2\/product\/1228","targetHints":{"allow":["GET"]}}],"collection":[{"href":"https:\/\/cafetiko.com\/index.php\/wp-json\/wp\/v2\/product"}],"about":[{"href":"https:\/\/cafetiko.com\/index.php\/wp-json\/wp\/v2\/types\/product"}],"replies":[{"embeddable":true,"href":"https:\/\/cafetiko.com\/index.php\/wp-json\/wp\/v2\/comments?post=1228"}],"version-history":[{"count":2,"href":"https:\/\/cafetiko.com\/index.php\/wp-json\/wp\/v2\/product\/1228\/revisions"}],"predecessor-version":[{"id":1591,"href":"https:\/\/cafetiko.com\/index.php\/wp-json\/wp\/v2\/product\/1228\/revisions\/1591"}],"wp:featuredmedia":[{"embeddable":true,"href":"https:\/\/cafetiko.com\/index.php\/wp-json\/wp\/v2\/media\/1122"}],"wp:attachment":[{"href":"https:\/\/cafetiko.com\/index.php\/wp-json\/wp\/v2\/media?parent=1228"}],"wp:term":[{"taxonomy":"product_brand","embeddable":true,"href":"https:\/\/cafetiko.com\/index.php\/wp-json\/wp\/v2\/product_brand?post=1228"},{"taxonomy":"product_cat","embeddable":true,"href":"https:\/\/cafetiko.com\/index.php\/wp-json\/wp\/v2\/product_cat?post=1228"},{"taxonomy":"product_tag","embeddable":true,"href":"https:\/\/cafetiko.com\/index.php\/wp-json\/wp\/v2\/product_tag?post=1228"}],"curies":[{"name":"wp","href":"https:\/\/api.w.org\/{rel}","templated":true}]}}