{"id":1277,"date":"2025-03-04T16:16:58","date_gmt":"2025-03-04T15:16:58","guid":{"rendered":"https:\/\/cafetiko.dunakanyaresztetika.hu\/?post_type=product&#038;p=1277"},"modified":"2025-03-15T10:02:25","modified_gmt":"2025-03-15T09:02:25","slug":"baratza-encore-esp-orlo","status":"publish","type":"product","link":"https:\/\/cafetiko.com\/index.php\/hu\/product\/baratza-encore-esp-orlo\/","title":{"rendered":"Baratza Encore ESP \u0150rl\u0151"},"content":{"rendered":"","protected":false},"excerpt":{"rendered":"<h2>A Baratza Encore ESP<\/h2>\n<p>Automata k\u00e1v\u00e9\u0151rl\u0151 otthoni haszn\u00e1latra. A sz\u00e9les \u0151rl\u00e9si tartom\u00e1nynak k\u00f6sz\u00f6nhet\u0151en az Encore ESP k\u00f6nnyed\u00e9n megbirk\u00f3zik a prec\u00edz k\u00e1v\u00e9\u0151rl\u00e9ssel mind az eszpressz\u00f3, mind a pour-over f\u0151z\u00e9si m\u00f3dszerek eset\u00e9ben. A \u0151rl\u0151 intuit\u00edv, kis helyet foglal, \u00e9s m\u00e1sodpercek alatt meg\u0151rli a k\u00e1v\u00e9t. T\u00f6k\u00e9letes azoknak, akik k\u00e1v\u00e9val kezdik a kalandot, \u00e9s ig\u00e9nyesebb otthoni barist\u00e1knak is.<\/p>\n<p>&nbsp;<\/p>\n<p><strong>Diz\u00e1jn \u00e9s haszn\u00e1lat<\/strong><\/p>\n<p>A dar\u00e1l\u00f3 minimalista kialak\u00edt\u00e1s\u00fa, kompakt \u00e9s olyan m\u0171anyagb\u00f3l k\u00e9sz\u00fclt, amely nem gy\u0171jti az ujjlenyomatokat. Ig\u00e9ny szerint haszn\u00e1lhat\u00f3, a k\u00e1v\u00e9t k\u00f6zvetlen\u00fcl a f\u0151z\u00e9s el\u0151tt dar\u00e1lja a tart\u00e1ly\u00e1ba. A dar\u00e1l\u00f3 k\u00e9t tart\u00e1llyal rendelkezik &#8211; a nagyobb a pour-over f\u0151z\u00e9si m\u00f3dszerekhez, a kisebb eszpressz\u00f3 adagol\u00f3 poh\u00e1r pedig olyan \u00e1tm\u00e9r\u0151j\u0171, ami a legt\u00f6bb portafilterbe illeszkedik (54mm \u00e1tm\u00e9r\u0151j\u0171, plusz egy tov\u00e1bbi adapter, amely n\u00f6veli az \u00e1tm\u00e9r\u0151t 58mm-re). A dar\u00e1l\u00e1st egy impulzus gomb ind\u00edtja, amely teljes kontrollt biztos\u00edt a dar\u00e1lt k\u00e1v\u00e9 mennyis\u00e9ge felett. Ezen k\u00edv\u00fcl az Encore ESP egy ki-\/bekapcsol\u00f3 gombbal is rendelkezik.<\/p>\n<p><strong>\u0150rl\u00e9s be\u00e1ll\u00edt\u00e1s<\/strong><\/p>\n<p>Az Encore ESP 40 t\u00f6bb szint\u0171 be\u00e1ll\u00edt\u00e1st k\u00edn\u00e1l, a nagyon finomt\u00f3l a durva dar\u00e1l\u00e1sig. Az 1 \u00e9s 20 k\u00f6z\u00f6tti tartom\u00e1ny mokka (kotyog\u00f3s) k\u00e1v\u00e9f\u0151z\u0151 \u00e9s eszpressz\u00f3 sz\u00e1m\u00e1ra megfelel\u0151, m\u00edg a 21 \u00e9s 40 k\u00f6z\u00f6tti be\u00e1ll\u00edt\u00e1sok, pour-over f\u0151z\u00e9si m\u00f3dszerekhez &#8211; Chemex, AeroPress, dripper, szifon vagy French press &#8211; alkalmasak. A dar\u00e1l\u00e1s be\u00e1ll\u00edt\u00e1s\u00e1t\u00f3l f\u00fcggetlen\u00fcl alacsony a dara visszatart\u00e1sa &#8211; csak minim\u00e1lis mennyis\u00e9g\u0171 dar\u00e1lt k\u00e1v\u00e9 marad a dar\u00e1l\u00f3ban.<\/p>\n<p><strong>K\u00e9sek<\/strong><\/p>\n<p>Eur\u00f3p\u00e1ban gy\u00e1rtott, az Encore ESP 40mm-es, k\u00fap alak\u00fa M2 ac\u00e9l k\u00e9sei konzisztens \u00e9s prec\u00edz \u0151rl\u00e9st biztos\u00edtanak az eszpressz\u00f3hoz \u00e9s minden f\u0151z\u00e9si m\u00f3dszerhez. A k\u00e9sek k\u00f6nnyen elt\u00e1vol\u00edthat\u00f3ak, a m\u0171velethez nem sz\u00fcks\u00e9ges k\u00fcl\u00f6n eszk\u00f6z, \u00edgy a tiszt\u00edt\u00e1sa \u00e9s karbantart\u00e1sa nagyon egyszer\u0171.<\/p>\n<p><strong>Motor<\/strong><\/p>\n<p>Egy er\u0151s, nagy nyomat\u00e9k\u00fa DC motor k\u00f6nnyed\u00e9n hajtja a k\u00e9seket. Ez a motor lassan forog, ami kev\u00e9s h\u0151t termel\u0151 \u00e9s csendes m\u0171k\u00f6d\u00e9st eredm\u00e9nyez, illetve hossz\u00fa dar\u00e1l\u00e1si ciklusokat tesz lehet\u0151v\u00e9. Az \u00e1ramk\u00f6r termikus megszak\u00edt\u00f3val van felszerelve (amely automatikusan vissza\u00e1ll a leh\u0171l\u00e9s ut\u00e1n). Az Encore ESP egyedi sebess\u00e9gszab\u00e1lyoz\u00e1ssal rendelkezik, amely a dar\u00e1l\u00f3 fordulatsz\u00e1m\u00e1nak szab\u00e1lyoz\u00e1s\u00e1hoz a sebess\u00e9gcs\u00f6kkent\u0151 \u00e9s elektronikus sebess\u00e9gcs\u00f6kkent\u0151 kombin\u00e1ci\u00f3j\u00e1t haszn\u00e1lja, 550 RPM-re cs\u00f6kkentve a dar\u00e1l\u00f3 forg\u00e1s\u00e1t. Ez a lass\u00fa sebess\u00e9g cs\u00f6kkenti a h\u0151t, a zajt \u00e9s a statikus gener\u00e1ci\u00f3t a dar\u00e1l\u00f3ban. Tov\u00e1bb\u00e1 biztos\u00edtja, hogy a bab sim\u00e1n \u00e1ramoljon a k\u00e9sekhez.<\/p>\n<p>K\u00e9sek: M2 \u00d8 40mm, k\u00fap alak\u00fa, rozsdamentes ac\u00e9l<br \/>\nFokozatok sz\u00e1ma: 40<br \/>\n\u0150rl\u00e9si sebess\u00e9g: 1,5 \u2013 2,4 g\/s<br \/>\nK\u00e9sek sebess\u00e9ge: 550 RPM<br \/>\nTart\u00e1lykapacit\u00e1s: 230g<br \/>\n\u0150r\u00f6lt bab kapacit\u00e1sa: nagy -142g, kicsi- 24g<br \/>\nT\u00f6meg: 3.1 kg<\/p>\n","protected":false},"featured_media":1280,"comment_status":"open","ping_status":"closed","template":"","meta":{"_seopress_robots_primary_cat":"none","_seopress_titles_title":"Caf\u00e9 Tiko | Baratza Encore ESP \u0150rl\u0151","_seopress_titles_desc":"A Baratza Encore ESP egy otthoni haszn\u00e1latra sz\u00e1nt automata \u0151rl\u0151, sz\u00e9les \u0151rl\u00e9si tartom\u00e1nnyal mind az eszpressz\u00f3, mind az \u00f6nt\u00e9ses f\u0151z\u00e9si m\u00f3dokhoz.","_seopress_robots_index":""},"product_brand":[46],"product_cat":[82,98,94],"product_tag":[],"class_list":{"0":"post-1277","1":"product","2":"type-product","3":"status-publish","4":"has-post-thumbnail","6":"product_brand-baratza","7":"product_cat-barista-eszkozok","8":"product_cat-elektromos","9":"product_cat-orlok","11":"first","12":"instock","13":"shipping-taxable","14":"purchasable","15":"product-type-variable","16":"has-default-attributes"},"jetpack_sharing_enabled":true,"pll_sync_post":[],"lang":"hu","translations":{"hu":1277,"en":1295},"_links":{"self":[{"href":"https:\/\/cafetiko.com\/index.php\/wp-json\/wp\/v2\/product\/1277","targetHints":{"allow":["GET"]}}],"collection":[{"href":"https:\/\/cafetiko.com\/index.php\/wp-json\/wp\/v2\/product"}],"about":[{"href":"https:\/\/cafetiko.com\/index.php\/wp-json\/wp\/v2\/types\/product"}],"replies":[{"embeddable":true,"href":"https:\/\/cafetiko.com\/index.php\/wp-json\/wp\/v2\/comments?post=1277"}],"version-history":[{"count":1,"href":"https:\/\/cafetiko.com\/index.php\/wp-json\/wp\/v2\/product\/1277\/revisions"}],"predecessor-version":[{"id":1292,"href":"https:\/\/cafetiko.com\/index.php\/wp-json\/wp\/v2\/product\/1277\/revisions\/1292"}],"wp:featuredmedia":[{"embeddable":true,"href":"https:\/\/cafetiko.com\/index.php\/wp-json\/wp\/v2\/media\/1280"}],"wp:attachment":[{"href":"https:\/\/cafetiko.com\/index.php\/wp-json\/wp\/v2\/media?parent=1277"}],"wp:term":[{"taxonomy":"product_brand","embeddable":true,"href":"https:\/\/cafetiko.com\/index.php\/wp-json\/wp\/v2\/product_brand?post=1277"},{"taxonomy":"product_cat","embeddable":true,"href":"https:\/\/cafetiko.com\/index.php\/wp-json\/wp\/v2\/product_cat?post=1277"},{"taxonomy":"product_tag","embeddable":true,"href":"https:\/\/cafetiko.com\/index.php\/wp-json\/wp\/v2\/product_tag?post=1277"}],"curies":[{"name":"wp","href":"https:\/\/api.w.org\/{rel}","templated":true}]}}