{"id":1314,"date":"2025-03-04T16:40:22","date_gmt":"2025-03-04T15:40:22","guid":{"rendered":"https:\/\/cafetiko.dunakanyaresztetika.hu\/?post_type=product&#038;p=1314"},"modified":"2025-03-15T10:02:20","modified_gmt":"2025-03-15T09:02:20","slug":"fellow-ode-gen-2-orlo","status":"publish","type":"product","link":"https:\/\/cafetiko.com\/index.php\/hu\/product\/fellow-ode-gen-2-orlo\/","title":{"rendered":"Fellow Ode Gen 2 \u0151rl\u0151"},"content":{"rendered":"","protected":false},"excerpt":{"rendered":"<h2>Fellow Ode Gen 2 \u0151rl\u0151<\/h2>\n<p>Fellow Ode Gen 2 \u0151rl\u0151 friss\u00edtett \u0151rl\u0151sorj\u00e1val (Gen 2 Brew Burrs), antisztatikus technol\u00f3gi\u00e1val, \u00e9s nagyobb \u00e9s \u00fajratervezett tart\u00e1llyal \u00e9s gy\u0171jt\u0151cs\u00e9sz\u00e9vel<\/p>\n<p>A Fellow k\u00e9t \u00e9vet t\u00f6lt\u00f6tt a fejleszt\u00e9ssel, hogy elhozza \u00d6nnek d\u00edjnyertes h\u00e1zi \u0151rl\u0151j\u00e9nek k\u00f6vetkez\u0151 gener\u00e1ci\u00f3j\u00e1t. A legfinomabb \u00f6nt\u00e9ses technik\u00e1t\u00f3l a legdurv\u00e1bb cold brew-ig a k\u00e1v\u00e9ja csak m\u00e9g jobb lesz.<\/p>\n<p><strong>Mi v\u00e1ltozott?<\/strong><\/p>\n<ul>\n<li><strong>Friss\u00edtett \u0151rl\u0151sorja (Gen 2 Brew Burrs)<\/strong>, amelyeket kifejezetten az Ode sz\u00e1m\u00e1ra tervezett a kutat\u00e1s-fejleszt\u00e9si aleln\u00f6k \u00e9s a min\u0151s\u00edtett min\u0151s\u00e9gi oszt\u00e1lyoz\u00f3, Nick Terzulli. A Gen 2 Brew Burrs ak\u00e1r 250 mikronos \u0151rl\u00e9sre is alkalmas, m\u00edg az eredeti Ode Brew \u0151rl\u0151ben kaphat\u00f3 \u0151rl\u0151k\u00e9sek 500 mikronra.<\/li>\n<li><strong>Antisztatikus technol\u00f3gia<\/strong>, amely seg\u00edt cs\u00f6kkenteni a frissen \u0151r\u00f6lt k\u00e1v\u00e9 statikus felt\u00f6lt\u0151d\u00e9s\u00e9t. Ez ~1 g-r\u00f3l 0,1 g-ra cs\u00f6kkenti az \u0151rlem\u00e9ny visszamarad\u00e1s\u00e1t a dar\u00e1l\u00f3ban, \u00edgy sokkal kevesebb a vesztes\u00e9g, mint az eredeti Ode Brew-n\u00e1l.<\/li>\n<li><strong>Nagyobb \u00e9s \u00fajratervezett tart\u00e1ly \u00e9s gy\u0171jt\u0151cs\u00e9sze<\/strong>, amely 100 g k\u00e1v\u00e9 t\u00e1rol\u00e1s\u00e1ra alkalmas.<\/li>\n<\/ul>\n<p>&nbsp;<\/p>\n<p>A Fellow Ode Gen 2 a nagyszer\u0171 diz\u00e1jnt \u00f6tv\u00f6zi a funkcionalit\u00e1ssal:<\/p>\n<ul>\n<li>Az \u0151rl\u00e9st be\u00e1ll\u00edt\u00f3 ker\u00e9k az el\u00fcls\u0151 t\u00e1rcs\u00e1n tal\u00e1lhat\u00f3. Az alkalmazott f\u0151z\u00e9si m\u00f3dt\u00f3l f\u00fcgg\u0151en 31 be\u00e1ll\u00edt\u00e1s k\u00f6z\u00fcl v\u00e1laszthat: AeroPress, csepegtet\u0151, Chemex, French Press vagy Cold Brew. Az Oda nem eszpressz\u00f3hoz \u0151r\u00f6l.<\/li>\n<li>Az Ode professzion\u00e1lis min\u0151s\u00e9g\u0171, nagy, 64 mm-es, lapos, rozsdamentes ac\u00e9l sorj\u00e1kat tartalmaz, amelyek minden be\u00e1ll\u00edt\u00e1sn\u00e1l egyenletes csiszol\u00e1st biztos\u00edtanak. A m\u00e1sodik gener\u00e1ci\u00f3s sorja \u00faj geometri\u00e1t k\u00edn\u00e1l, amely lehet\u0151v\u00e9 teszi, hogy finomabb \u0151rl\u00e9st v\u00e9gezzen, mint a szok\u00e1sos f\u0151z\u0151sorja. A nagyobb pontoss\u00e1g nagyobb ir\u00e1ny\u00edt\u00e1st biztos\u00edt, \u00e9s megk\u00f6nny\u00edti a k\u00e1v\u00e9 v\u00e1rt extrakci\u00f3j\u00e1nak \u00e9s \u00edz\u00e9nek el\u00e9r\u00e9s\u00e9t. Az \u0151rl\u00e9si m\u00e9ret 250-300 mikron \u00e9s nagyobb, szemben a szabv\u00e1nyos ODE sorja 500 mikronj\u00e1val. A finomabb \u0151rl\u00e9s nagyobb extrakci\u00f3t biztos\u00edt, \u00e9s lehet\u0151v\u00e9 teszi, hogy kiegyens\u00falyozottabb, \u00e9desebb \u00e9s testesebb k\u00e1v\u00e9t f\u0151zz\u00f6n.<\/li>\n<li>A PID rendszer stabil \u00e9s z\u00f6kken\u0151mentes munk\u00e1t garant\u00e1l.<\/li>\n<li>Automatikus kikapcsol\u00e1s. \u0150rl\u00e9s ut\u00e1n a motor automatikusan kikapcsol. A rendszer \u00e9rz\u00e9keli, ha a garat \u00fcres, \u00e9s kikapcsolja a dar\u00e1l\u00f3t.<\/li>\n<li>A tart\u00e1lyban ak\u00e1r 100 gramm szemes k\u00e1v\u00e9 is elf\u00e9r \u2013 egyadagos tart\u00e1lynak tervezt\u00e9k. Ezenk\u00edv\u00fcl \u00fajratervezt\u00e9k \u2013 most meredekebb sz\u00f6g seg\u00edti a bab adagol\u00e1s\u00e1t a cs\u00faszd\u00e1n a gyorsabb \u0151rl\u00e9s \u00e9rdek\u00e9ben.<\/li>\n<li>A tart\u00e1ly alum\u00edniumb\u00f3l k\u00e9sz\u00fclt. Az alj\u00e1n tal\u00e1lhat\u00f3 m\u00e1gnes megk\u00f6nny\u00edti a tart\u00e1ly elhelyez\u00e9s\u00e9t a dar\u00e1l\u00f3 alj\u00e1n. A professzion\u00e1lis dar\u00e1l\u00f3kb\u00f3l ismert kopogtat\u00f3 seg\u00edt megszabadulni az \u00f6sszes \u0151rlem\u00e9nyt\u0151l \u2013 ennek eredm\u00e9nyek\u00e9nt a dar\u00e1l\u00f3 vesztes\u00e9ge rendk\u00edv\u00fcl alacsony.<\/li>\n<li>Alacsony \u0151rl\u00e9si zajszint a kiv\u00e1l\u00f3 min\u0151s\u00e9g\u0171 anyagoknak k\u00f6sz\u00f6nhet\u0151en<\/li>\n<li>A test eleg\u00e1ns \u00e9s massz\u00edv, alum\u00edniumb\u00f3l \u00e9s m\u0171anyagb\u00f3l k\u00e9sz\u00fclt.<\/li>\n<li>A kis m\u00e9retek lehet\u0151v\u00e9 teszik, hogy a dar\u00e1l\u00f3t szinte b\u00e1rhol elhelyezze.<\/li>\n<li>M\u00e9retek (M\u00e9 x Sz x Ma) 23,9 cm x 10,5 cm x 24,8 cm.<\/li>\n<\/ul>\n","protected":false},"featured_media":1317,"comment_status":"open","ping_status":"closed","template":"","meta":{"_seopress_robots_primary_cat":"none","_seopress_titles_title":"Caf\u00e9 Tiko | Fellow Ode Gen 2 \u0151rl\u0151","_seopress_titles_desc":"Fellow Ode Gen 2 \u0151rl\u0151 friss\u00edtett \u0151rl\u0151sorj\u00e1val (Gen 2 Brew Burrs), antisztatikus technol\u00f3gi\u00e1val, \u00e9s nagyobb \u00e9s \u00fajratervezett tart\u00e1llyal \u00e9s gy\u0171jt\u0151cs\u00e9sz\u00e9vel.","_seopress_robots_index":""},"product_brand":[50],"product_cat":[82,98,94],"product_tag":[],"class_list":{"0":"post-1314","1":"product","2":"type-product","3":"status-publish","4":"has-post-thumbnail","6":"product_brand-fellow","7":"product_cat-barista-eszkozok","8":"product_cat-elektromos","9":"product_cat-orlok","11":"first","12":"instock","13":"shipping-taxable","14":"purchasable","15":"product-type-variable","16":"has-default-attributes"},"jetpack_sharing_enabled":true,"pll_sync_post":[],"lang":"hu","translations":{"hu":1314,"en":1335},"_links":{"self":[{"href":"https:\/\/cafetiko.com\/index.php\/wp-json\/wp\/v2\/product\/1314","targetHints":{"allow":["GET"]}}],"collection":[{"href":"https:\/\/cafetiko.com\/index.php\/wp-json\/wp\/v2\/product"}],"about":[{"href":"https:\/\/cafetiko.com\/index.php\/wp-json\/wp\/v2\/types\/product"}],"replies":[{"embeddable":true,"href":"https:\/\/cafetiko.com\/index.php\/wp-json\/wp\/v2\/comments?post=1314"}],"version-history":[{"count":2,"href":"https:\/\/cafetiko.com\/index.php\/wp-json\/wp\/v2\/product\/1314\/revisions"}],"predecessor-version":[{"id":1334,"href":"https:\/\/cafetiko.com\/index.php\/wp-json\/wp\/v2\/product\/1314\/revisions\/1334"}],"wp:featuredmedia":[{"embeddable":true,"href":"https:\/\/cafetiko.com\/index.php\/wp-json\/wp\/v2\/media\/1317"}],"wp:attachment":[{"href":"https:\/\/cafetiko.com\/index.php\/wp-json\/wp\/v2\/media?parent=1314"}],"wp:term":[{"taxonomy":"product_brand","embeddable":true,"href":"https:\/\/cafetiko.com\/index.php\/wp-json\/wp\/v2\/product_brand?post=1314"},{"taxonomy":"product_cat","embeddable":true,"href":"https:\/\/cafetiko.com\/index.php\/wp-json\/wp\/v2\/product_cat?post=1314"},{"taxonomy":"product_tag","embeddable":true,"href":"https:\/\/cafetiko.com\/index.php\/wp-json\/wp\/v2\/product_tag?post=1314"}],"curies":[{"name":"wp","href":"https:\/\/api.w.org\/{rel}","templated":true}]}}