{"id":1357,"date":"2025-03-04T17:05:24","date_gmt":"2025-03-04T16:05:24","guid":{"rendered":"https:\/\/cafetiko.dunakanyaresztetika.hu\/?post_type=product&#038;p=1357"},"modified":"2025-07-31T12:36:19","modified_gmt":"2025-07-31T11:36:19","slug":"comandante-c40-mk4-nitro-blade","status":"publish","type":"product","link":"https:\/\/cafetiko.com\/index.php\/hu\/product\/comandante-c40-mk4-nitro-blade\/","title":{"rendered":"Comandante C40 MK4 Nitro Blade"},"content":{"rendered":"","protected":false},"excerpt":{"rendered":"<h2>Comandante C40 MK4 Nitro Blade<\/h2>\n<p>Comandante C40 MK4 Nitro Blade &#8211; a vil\u00e1g egyik legjobb k\u00e9zi k\u00e1v\u00e9\u0151rl\u0151j\u00e9nek \u00faj verzi\u00f3ja. A k\u00e9sz\u00fcl\u00e9k az \u0151rl\u00e9s sz\u00e9les sk\u00e1l\u00e1j\u00e1t, a stabil m\u0171k\u00f6d\u00e9st \u00e9s a kifinomult kialak\u00edt\u00e1st k\u00edn\u00e1lja a cs\u00facsmin\u0151s\u00e9g\u0171 anyagokkal.<\/p>\n<p>Az MK4 v\u00e1ltozat sz\u00e1mos friss\u00edt\u00e9st tartalmaz:<\/p>\n<ul>\n<li>\u00daj motorv\u00e1z forma \u00e9s anyag<\/li>\n<li>robusztusabb, nagyobb kapacit\u00e1ssal \u00e9s nincs t\u00f6bb beszorult bab!<\/li>\n<\/ul>\n<p>Minden dar\u00e1l\u00f3hoz k\u00e9t t\u00e9gely tartozik: 1x barna \u00fcveg \u00e9s 1x feh\u00e9r polimer \u00fcveg. Ut\u00f3bbi k\u00f6nny\u0171, strapab\u00edr\u00f3, \u00e9s poh\u00e1rk\u00e9nt is haszn\u00e1lhat\u00f3!<\/p>\n<p>&nbsp;<\/p>\n<p><strong>\u0150rl\u0151fej<\/strong><\/p>\n<p>Az \u0151rl\u0151fej anyaga \u00e9s kialak\u00edt\u00e1sa a Comandante\u00ae saj\u00e1t k\u00e1v\u00e9laborat\u00f3rium\u00e1ban v\u00e9gzett t\u00f6bb \u00e9ves kutat\u00e1s \u00e9s fejleszt\u00e9s b\u00fcszke eredm\u00e9nye. A Nitro Blade\u00ae egyed\u00fcl\u00e1ll\u00f3, er\u0151sen \u00f6tv\u00f6z\u00f6tt, magas nitrog\u00e9ntartalm\u00fa rozsdamentes ac\u00e9lt haszn\u00e1l, finom martenzites mikrokrist\u00e1lym\u00e1trixszal.<\/p>\n<p>Az \u0151rl\u0151fej geometri\u00e1j\u00e1t \u00fagy optimaliz\u00e1lt\u00e1k, hogy kiv\u00e1l\u00f3 bab\u00e1tbocs\u00e1t\u00e1st \u00e9rjen el cs\u00f6kkentett forgat\u00f3nyomat\u00e9k mellett, \u00e9s egy\u00fattal kifinomult r\u00e9szecskem\u00e9ret-eloszl\u00e1st biztos\u00edt a legjobb f\u0151z\u00e9si eredm\u00e9ny \u00e9rdek\u00e9ben.<\/p>\n<p><strong>\u0150rl\u0151fej be\u00e1ll\u00edt\u00e1s<\/strong><\/p>\n<p>A Comandandant click rendszer teljes ir\u00e1ny\u00edt\u00e1st biztos\u00edt b\u00e1rmely f\u0151z\u00e9si m\u00f3dhoz, \u00e9s r\u00f6gz\u00edti a k\u00edv\u00e1nt \u0151rl\u00e9si be\u00e1ll\u00edt\u00e1st, \u00edgy seg\u00edt a legjobbat kihozni a p\u00f6rk\u00f6lt k\u00e1v\u00e9b\u00f3l, valamint \u00fajra \u00e9s \u00fajra megism\u00e9telni az eredm\u00e9nyt. Ez a vil\u00e1gsz\u00ednvonal\u00fa \u0151rl\u00e9si teljes\u00edtm\u00e9ny tette a Nitro Blade-et az igazi k\u00e1v\u00e9rajong\u00f3k kiv\u00e1lasztott eszk\u00f6z\u00e9v\u00e9 szerte a vil\u00e1gon, az otthoni barist\u00e1kt\u00f3l a World Brewers Cup bajnokaiig.<\/p>\n<p><strong>Kivitelez\u00e9s<\/strong><\/p>\n<p>A rozsdamentes ac\u00e9l a megfelel\u0151 v\u00e1laszt\u00e1s egy robusztus \u00e9s \u00e9lelmiszer-biztons\u00e1gos k\u00e1v\u00e9dar\u00e1l\u00f3 k\u00e9sz\u00edt\u00e9s\u00e9hez. \u00c9ppen ez\u00e9rt nem csak a \u0151rl\u0151fej k\u00e9sz\u00fcl rozsdamentes ac\u00e9lb\u00f3l, hanem a henger, a tengely, a hajt\u00f3kar \u00e9s a mikro goly\u00f3scsap\u00e1gyak is. A Comandante term\u00e9kek alum\u00edniummentesek.<\/p>\n<p>Ahol polimerek haszn\u00e1lhat\u00f3k a teljes\u00edtm\u00e9ny jav\u00edt\u00e1s\u00e1ra, a Comandante BPA-mentes, nagy teljes\u00edtm\u00e9ny\u0171 polimereket haszn\u00e1l, amelyek megfelelnek a legszigor\u00fabb \u00e9lelmiszer-biztons\u00e1gi szabv\u00e1nyoknak. Ezeket az anyagokat \u00fagy tervezt\u00e9k, hogy kib\u00edrj\u00e1k az \u00e9vekig tart\u00f3 kem\u00e9ny haszn\u00e1latot.<\/p>\n<p>Comandante szereti a term\u00e9szetes f\u00e1t. A t\u00f6m\u00f6r t\u00f6lgyfa foganty\u00fak, amelyeket a bar\u00e1tok k\u00e9sz\u00edtettek a n\u00e9metorsz\u00e1gi Fekete-erd\u0151ben, egyszerre csod\u00e1latosan ergonomikusak \u00e9s gy\u00f6ny\u00f6r\u0171ek a t\u00f6lgy egyedi erezetszerkezet\u00e9nek k\u00f6sz\u00f6nhet\u0151en.<\/p>\n<p>A Classic \u00e9s Special Coating modellek robusztus \u00e9s eleg\u00e1ns porbevonatot haszn\u00e1lnak \u2013 melyeket magas h\u0151m\u00e9rs\u00e9kleten s\u00fctnek r\u00e1, nem csak festik.<\/p>\n<p>Minden C40 MK4-hez egy barna \u00fcveg \u00e9s egy \u00e1tl\u00e1tsz\u00f3 polimer \u00fcveg tartozik. Mindkett\u0151 rendk\u00edv\u00fcl k\u00f6nnyen tiszt\u00edthat\u00f3, \u00e9s k\u00f6r\u00fclbel\u00fcl 40 grammnyi p\u00f6rk\u00f6lt k\u00e1v\u00e9bab f\u00e9r el benne. A valamivel t\u00f6bb mint 600 grammos C40 kompakt m\u00e9ret\u00e9vel \u00e9s robusztuss\u00e1g\u00e1val ak\u00e1r otthon, ak\u00e1r kalandoz\u00e1s k\u00f6zben a h\u0171s\u00e9ges t\u00e1rsa lesz a vil\u00e1g egyik legjobb k\u00e9zi dar\u00e1l\u00f3ja.<\/p>\n","protected":false},"featured_media":1383,"comment_status":"open","ping_status":"closed","template":"","meta":{"_seopress_robots_primary_cat":"none","_seopress_titles_title":"Caf\u00e9 Tiko | Comandante C40 MK4 Nitro Blade","_seopress_titles_desc":"Comandante C40 MK4 Nitro Blade - a vil\u00e1g egyik legjobb k\u00e1v\u00e9dar\u00e1l\u00f3j\u00e1nak \u00faj verzi\u00f3ja, kifinomult kialak\u00edt\u00e1ssal \u00e9s cs\u00facsmin\u0151s\u00e9g\u0171 anyagokkal.","_seopress_robots_index":""},"product_brand":[48],"product_cat":[82,102,94],"product_tag":[],"class_list":{"0":"post-1357","1":"product","2":"type-product","3":"status-publish","4":"has-post-thumbnail","6":"product_brand-comandante","7":"product_cat-barista-eszkozok","8":"product_cat-kezi","9":"product_cat-orlok","11":"first","12":"instock","13":"shipping-taxable","14":"purchasable","15":"product-type-variable","16":"has-default-attributes"},"jetpack_sharing_enabled":true,"pll_sync_post":[],"lang":"hu","translations":{"hu":1357,"en":1389},"_links":{"self":[{"href":"https:\/\/cafetiko.com\/index.php\/wp-json\/wp\/v2\/product\/1357","targetHints":{"allow":["GET"]}}],"collection":[{"href":"https:\/\/cafetiko.com\/index.php\/wp-json\/wp\/v2\/product"}],"about":[{"href":"https:\/\/cafetiko.com\/index.php\/wp-json\/wp\/v2\/types\/product"}],"replies":[{"embeddable":true,"href":"https:\/\/cafetiko.com\/index.php\/wp-json\/wp\/v2\/comments?post=1357"}],"version-history":[{"count":2,"href":"https:\/\/cafetiko.com\/index.php\/wp-json\/wp\/v2\/product\/1357\/revisions"}],"predecessor-version":[{"id":1364,"href":"https:\/\/cafetiko.com\/index.php\/wp-json\/wp\/v2\/product\/1357\/revisions\/1364"}],"wp:featuredmedia":[{"embeddable":true,"href":"https:\/\/cafetiko.com\/index.php\/wp-json\/wp\/v2\/media\/1383"}],"wp:attachment":[{"href":"https:\/\/cafetiko.com\/index.php\/wp-json\/wp\/v2\/media?parent=1357"}],"wp:term":[{"taxonomy":"product_brand","embeddable":true,"href":"https:\/\/cafetiko.com\/index.php\/wp-json\/wp\/v2\/product_brand?post=1357"},{"taxonomy":"product_cat","embeddable":true,"href":"https:\/\/cafetiko.com\/index.php\/wp-json\/wp\/v2\/product_cat?post=1357"},{"taxonomy":"product_tag","embeddable":true,"href":"https:\/\/cafetiko.com\/index.php\/wp-json\/wp\/v2\/product_tag?post=1357"}],"curies":[{"name":"wp","href":"https:\/\/api.w.org\/{rel}","templated":true}]}}