{"id":1417,"date":"2025-03-05T20:30:13","date_gmt":"2025-03-05T19:30:13","guid":{"rendered":"https:\/\/cafetiko.dunakanyaresztetika.hu\/?post_type=product&#038;p=1417"},"modified":"2025-07-31T12:33:28","modified_gmt":"2025-07-31T11:33:28","slug":"comandante-x25-trailmaster","status":"publish","type":"product","link":"https:\/\/cafetiko.com\/index.php\/hu\/product\/comandante-x25-trailmaster\/","title":{"rendered":"Comandante X25 Trailmaster"},"content":{"rendered":"","protected":false},"excerpt":{"rendered":"<h2>Comandante X25 Trailmaster<\/h2>\n<p>A Trailmaster X25 a leg\u00fajabb Comandante k\u00e1v\u00e9\u0151rl\u0151. A Trailmaster ugyanolyan kiv\u00e1l\u00f3 \u0151rl\u00e9si min\u0151s\u00e9get biztos\u00edt, mint a Comandante MK4, mik\u00f6zben robusztusabb \u00e9s k\u00f6nnyebb. Kalandra tervezve!<\/p>\n<p><strong>\u0150rl\u0151fej<\/strong><\/p>\n<p>A Trailmaster sz\u00edve a Comndante\u00ae MK4 dar\u00e1l\u00f3b\u00f3l ismert els\u0151rang\u00fa \u0151rl\u0151fej. Az \u0151rl\u0151fej anyaga \u00e9s kialak\u00edt\u00e1sa a Comandante\u00ae helysz\u00edni k\u00e1v\u00e9laborat\u00f3rium\u00e1ban v\u00e9gzett t\u00f6bb \u00e9ves kutat\u00e1s \u00e9s fejleszt\u00e9s b\u00fcszke eredm\u00e9nye. A Nitro Blade\u00ae egyed\u00fcl\u00e1ll\u00f3, er\u0151sen \u00f6tv\u00f6z\u00f6tt, magas nitrog\u00e9ntartalm\u00fa rozsdamentes ac\u00e9lt haszn\u00e1l, finom martenzites mikrokrist\u00e1lym\u00e1trixszal.<\/p>\n<p>Az \u0151rl\u0151fej geometri\u00e1j\u00e1t \u00fagy optimaliz\u00e1lt\u00e1k, hogy kiv\u00e1l\u00f3 bab\u00e1tbocs\u00e1t\u00e1st \u00e9rjen el cs\u00f6kkentett forgat\u00f3nyomat\u00e9k mellett, \u00e9s egy\u00fattal kifinomult r\u00e9szecskem\u00e9ret-eloszl\u00e1st biztos\u00edt a legjobb f\u0151z\u00e9si eredm\u00e9nyek \u00e9rdek\u00e9ben.<\/p>\n<p><strong>\u0150rl\u0151fej be\u00e1ll\u00edt\u00e1s<\/strong><\/p>\n<p>A Comandante Click rendszer teljes ir\u00e1ny\u00edt\u00e1st biztos\u00edt b\u00e1rmely f\u0151z\u00e9si m\u00f3dhoz, \u00e9s r\u00f6gz\u00edti a k\u00edv\u00e1nt \u0151rl\u00e9si be\u00e1ll\u00edt\u00e1st, \u00edgy seg\u00edt a legjobbat kihozni a p\u00f6rk\u00f6lt k\u00e1v\u00e9b\u00f3l, valamint \u00fajra \u00e9s \u00fajra megism\u00e9telni az eredm\u00e9nyt. Ez a vil\u00e1gsz\u00ednvonal\u00fa \u0151rl\u00e9si teljes\u00edtm\u00e9ny tette a Nitro Blade-et az igazi k\u00e1v\u00e9rajong\u00f3k kiv\u00e1lasztott eszk\u00f6z\u00e9v\u00e9 szerte a vil\u00e1gon, az otthoni barist\u00e1kt\u00f3l a World Brewers Cup bajnokaiig.<\/p>\n<p><strong>Tervez\u00e9s<\/strong><\/p>\n<p>A k\u00fclt\u00e9ri dar\u00e1l\u00f3testhez a legjobb anyag kiv\u00e1laszt\u00e1sa kritikus fontoss\u00e1g\u00fa. Laborat\u00f3riumainkban v\u00e9gzett \u00e1tfog\u00f3 kutat\u00e1s \u00e9s kiterjedt helysz\u00edni tesztek elv\u00e9gz\u00e9se ut\u00e1n a Comandante m\u00e9rn\u00f6kei egy speci\u00e1lis meger\u0151s\u00edtett technopolimert v\u00e1lasztottak az \u00faj X-sorozat\u00fa k\u00fclt\u00e9ri term\u00e9kekhez, a QTP\u00ae-hez. A QTP\u00ae egy nagy teljes\u00edtm\u00e9ny\u0171 technopolimer jelent\u0151s mennyis\u00e9g\u0171 kvarc er\u0151s\u00edt\u0151 r\u00e9szecsk\u00e9kkel, amelyek egy rugalmas \u00e9s er\u0151s, hossz\u00fa l\u00e1nc\u00fa polimer m\u00e1trixba fon\u00f3dnak \u00f6ssze. Olyan, mint egy ker\u00e1mia, \u00e9s \u00fagy m\u0171k\u00f6dik, mint egy technikai szuper kompozit.<\/p>\n<p>A QTP\u00ae kompozitot eredetileg g\u00e9p\u00e9szeti \u00e9s berendez\u00e9stechnikai c\u00e9lokra fejlesztett\u00e9k ki. Az aut\u00f3iparban is haszn\u00e1lj\u00e1k csap\u00e1gy- \u00e9s sebess\u00e9gv\u00e1lt\u00f3-alkatr\u00e9szekhez. A QTP\u00ae biztons\u00e1gos \u00e9lelmiszerrel \u00e9s v\u00edzzel \u00e9rintkezve, \u00e9s a Comandante\u00ae v\u00e9djegye.<\/p>\n<p>A rozsdamentes ac\u00e9l a megfelel\u0151 v\u00e1laszt\u00e1s egy robusztus \u00e9s \u00e9lelmiszer-biztons\u00e1gos k\u00e1v\u00e9dar\u00e1l\u00f3 elk\u00e9sz\u00edt\u00e9s\u00e9hez. \u00c9ppen ez\u00e9rt nem csak az \u0151rl\u0151fej k\u00e9sz\u00fcl rozsdamentes ac\u00e9lb\u00f3l, hanem a tengely, a hajt\u00f3kar \u00e9s a mikro goly\u00f3scsap\u00e1gyak is. A Comandante szereti a term\u00e9szetes f\u00e1t. A t\u00f6m\u00f6r t\u00f6lgyfa foganty\u00fak, amelyeket a bar\u00e1tok k\u00e9sz\u00edtettek a n\u00e9metorsz\u00e1gi Fekete-erd\u0151ben, egyszerre csod\u00e1latosan ergonomikusak \u00e9s gy\u00f6ny\u00f6r\u0171ek a t\u00f6lgy egyedi erezetszerkezet\u00e9nek k\u00f6sz\u00f6nhet\u0151en.<\/p>\n<p>A Trailmaster t\u00f6mege 420 gramm (kb. 1\/3-dal k\u00f6nnyebb, mint a C40 dar\u00e1l\u00f3); magass\u00e1ga 20 cm, \u00e1tm\u00e9r\u0151je 5,5 cm \u2013 kompakt m\u00e9ret\u00e9vel \u00e9s robusztuss\u00e1g\u00e1val ak\u00e1r otthon, ak\u00e1r kalandoz\u00e1s k\u00f6zben a h\u0171s\u00e9ges t\u00e1rsa lesz a vil\u00e1g egyik legjobb k\u00e9zi dar\u00e1l\u00f3ja. A dar\u00e1l\u00f3ba egyszerre 25-28 gramm k\u00e1v\u00e9 f\u00e9r bele. A kupak emellett r\u00f6gz\u00edti a bels\u0151 r\u00e9szeket utaz\u00e1s k\u00f6zben.<\/p>\n","protected":false},"featured_media":1420,"comment_status":"open","ping_status":"closed","template":"","meta":{"_seopress_robots_primary_cat":"none","_seopress_titles_title":"Caf\u00e9 Tiko | Comandante X25 Trailmaster","_seopress_titles_desc":"A Trailmaster X25 a leg\u00fajabb Comandante \u0151rl\u0151. Ugyanolyan kiv\u00e1l\u00f3 \u0151rl\u00e9si min\u0151s\u00e9get biztos\u00edt, mint az MK4, mik\u00f6zben robusztusabb \u00e9s k\u00f6nnyebb. Kalandra tervezve!","_seopress_robots_index":""},"product_brand":[48],"product_cat":[82,102,94],"product_tag":[],"class_list":{"0":"post-1417","1":"product","2":"type-product","3":"status-publish","4":"has-post-thumbnail","6":"product_brand-comandante","7":"product_cat-barista-eszkozok","8":"product_cat-kezi","9":"product_cat-orlok","11":"first","12":"instock","13":"shipping-taxable","14":"purchasable","15":"product-type-simple"},"jetpack_sharing_enabled":true,"pll_sync_post":[],"lang":"hu","translations":{"hu":1417,"en":1428},"_links":{"self":[{"href":"https:\/\/cafetiko.com\/index.php\/wp-json\/wp\/v2\/product\/1417","targetHints":{"allow":["GET"]}}],"collection":[{"href":"https:\/\/cafetiko.com\/index.php\/wp-json\/wp\/v2\/product"}],"about":[{"href":"https:\/\/cafetiko.com\/index.php\/wp-json\/wp\/v2\/types\/product"}],"replies":[{"embeddable":true,"href":"https:\/\/cafetiko.com\/index.php\/wp-json\/wp\/v2\/comments?post=1417"}],"version-history":[{"count":1,"href":"https:\/\/cafetiko.com\/index.php\/wp-json\/wp\/v2\/product\/1417\/revisions"}],"predecessor-version":[{"id":1427,"href":"https:\/\/cafetiko.com\/index.php\/wp-json\/wp\/v2\/product\/1417\/revisions\/1427"}],"wp:featuredmedia":[{"embeddable":true,"href":"https:\/\/cafetiko.com\/index.php\/wp-json\/wp\/v2\/media\/1420"}],"wp:attachment":[{"href":"https:\/\/cafetiko.com\/index.php\/wp-json\/wp\/v2\/media?parent=1417"}],"wp:term":[{"taxonomy":"product_brand","embeddable":true,"href":"https:\/\/cafetiko.com\/index.php\/wp-json\/wp\/v2\/product_brand?post=1417"},{"taxonomy":"product_cat","embeddable":true,"href":"https:\/\/cafetiko.com\/index.php\/wp-json\/wp\/v2\/product_cat?post=1417"},{"taxonomy":"product_tag","embeddable":true,"href":"https:\/\/cafetiko.com\/index.php\/wp-json\/wp\/v2\/product_tag?post=1417"}],"curies":[{"name":"wp","href":"https:\/\/api.w.org\/{rel}","templated":true}]}}