{"id":1439,"date":"2025-03-06T09:51:35","date_gmt":"2025-03-06T08:51:35","guid":{"rendered":"https:\/\/cafetiko.dunakanyaresztetika.hu\/?post_type=product&#038;p=1439"},"modified":"2025-03-15T10:00:46","modified_gmt":"2025-03-15T09:00:46","slug":"hario-v60-drip-barista-merleg","status":"publish","type":"product","link":"https:\/\/cafetiko.com\/index.php\/hu\/product\/hario-v60-drip-barista-merleg\/","title":{"rendered":"Hario V60 Drip barista m\u00e9rleg"},"content":{"rendered":"","protected":false},"excerpt":{"rendered":"<h2>Hario V60 Drip barista m\u00e9rleg<\/h2>\n<p>A V60 Drip barista m\u00e9rleg a klasszikus Hario m\u00e9rleg \u00faj verzi\u00f3ja. A barist\u00e1kat szem el\u0151tt tartva tervezt\u00e9k \u2013 a m\u00e9rleg a babot vagy a vizet m\u00e9ri, \u00e9s egyben m\u00e9ri a f\u0151z\u00e9si id\u0151t is. A t\u00f6k\u00e9letes cs\u00e9sze k\u00e1v\u00e9 f\u0151z\u00e9s\u00e9hez elengedhetetlen ezeknek a param\u00e9tereknek az ellen\u0151rz\u00e9se.<\/p>\n<p>A nagyszer\u0171 diz\u00e1jnnak \u00e9s a min\u0151s\u00e9gi kidolgoz\u00e1snak k\u00f6sz\u00f6nhet\u0151en ez a Hario V60 a m\u00e9rleg t\u00f6k\u00e9letes kieg\u00e9sz\u00edt\u0151 minden konyh\u00e1ban, melyet nem csak k\u00e1v\u00e9 m\u00e9r\u00e9s\u00e9re haszn\u00e1lhat.<\/p>\n<p>A be\u00e9p\u00edtett id\u0151z\u00edt\u0151, a tara opci\u00f3, az \u00e1ttekinthet\u0151 kijelz\u0151 \u00e9s az egyszer\u0171 haszn\u00e1lat garant\u00e1lja a k\u00e9nyelmes haszn\u00e1latot. A m\u00e9rleg k\u00e9t AAA elemmel m\u0171k\u00f6dik (tartoz\u00e9k), a maxim\u00e1lis m\u00e9r\u00e9si tartom\u00e1ny 2 kilogramm.<\/p>\n<p>A Hario cseppm\u00e9rleg a lem\u00e9rt t\u00f6meg n\u00f6veked\u00e9s\u00e9vel megv\u00e1ltoztatja a pontoss\u00e1gukat:<\/p>\n<p>Pontoss\u00e1g:<br \/>\n&#8211; 0-200g: 0.1g<br \/>\n&#8211; 200-500g: 0.5g<br \/>\n&#8211; 500-2000g: 1g<\/p>\n","protected":false},"featured_media":1443,"comment_status":"open","ping_status":"closed","template":"","meta":{"_seopress_robots_primary_cat":"none","_seopress_titles_title":"Caf\u00e9 Tiko | Hario V60 Drip barista m\u00e9rleg","_seopress_titles_desc":"A Hario V60 m\u00e9rleget a barist\u00e1kat szem el\u0151tt tartva tervezt\u00e9k \u2013 m\u00e9ri a bab \u00e9s a v\u00edz t\u00f6meg\u00e9t, illetve a f\u0151z\u00e9si id\u0151t a t\u00f6k\u00e9letes cs\u00e9sze k\u00e1v\u00e9hoz.","_seopress_robots_index":""},"product_brand":[52],"product_cat":[82,86],"product_tag":[],"class_list":{"0":"post-1439","1":"product","2":"type-product","3":"status-publish","4":"has-post-thumbnail","6":"product_brand-hario","7":"product_cat-barista-eszkozok","8":"product_cat-merlegek","10":"first","11":"instock","12":"shipping-taxable","13":"purchasable","14":"product-type-simple"},"jetpack_sharing_enabled":true,"pll_sync_post":[],"lang":"hu","translations":{"hu":1439,"en":1450},"_links":{"self":[{"href":"https:\/\/cafetiko.com\/index.php\/wp-json\/wp\/v2\/product\/1439","targetHints":{"allow":["GET"]}}],"collection":[{"href":"https:\/\/cafetiko.com\/index.php\/wp-json\/wp\/v2\/product"}],"about":[{"href":"https:\/\/cafetiko.com\/index.php\/wp-json\/wp\/v2\/types\/product"}],"replies":[{"embeddable":true,"href":"https:\/\/cafetiko.com\/index.php\/wp-json\/wp\/v2\/comments?post=1439"}],"version-history":[{"count":2,"href":"https:\/\/cafetiko.com\/index.php\/wp-json\/wp\/v2\/product\/1439\/revisions"}],"predecessor-version":[{"id":1449,"href":"https:\/\/cafetiko.com\/index.php\/wp-json\/wp\/v2\/product\/1439\/revisions\/1449"}],"wp:featuredmedia":[{"embeddable":true,"href":"https:\/\/cafetiko.com\/index.php\/wp-json\/wp\/v2\/media\/1443"}],"wp:attachment":[{"href":"https:\/\/cafetiko.com\/index.php\/wp-json\/wp\/v2\/media?parent=1439"}],"wp:term":[{"taxonomy":"product_brand","embeddable":true,"href":"https:\/\/cafetiko.com\/index.php\/wp-json\/wp\/v2\/product_brand?post=1439"},{"taxonomy":"product_cat","embeddable":true,"href":"https:\/\/cafetiko.com\/index.php\/wp-json\/wp\/v2\/product_cat?post=1439"},{"taxonomy":"product_tag","embeddable":true,"href":"https:\/\/cafetiko.com\/index.php\/wp-json\/wp\/v2\/product_tag?post=1439"}],"curies":[{"name":"wp","href":"https:\/\/api.w.org\/{rel}","templated":true}]}}