{"id":1459,"date":"2025-03-06T10:01:25","date_gmt":"2025-03-06T09:01:25","guid":{"rendered":"https:\/\/cafetiko.dunakanyaresztetika.hu\/?post_type=product&#038;p=1459"},"modified":"2025-03-15T10:00:32","modified_gmt":"2025-03-15T09:00:32","slug":"rhino-coffee-gear-barista-merleg","status":"publish","type":"product","link":"https:\/\/cafetiko.com\/index.php\/hu\/product\/rhino-coffee-gear-barista-merleg\/","title":{"rendered":"Rhino Coffee Gear bench barista m\u00e9rleg"},"content":{"rendered":"","protected":false},"excerpt":{"rendered":"<h2>Rhino Coffee Gear barista m\u00e9rleg<\/h2>\n<p>A j\u00f3 m\u00e9rleg elengedhetetlen a t\u00f6k\u00e9letes k\u00e1v\u00e9 megf\u0151z\u00e9s\u00e9hez. A Rhino Coffee Gear asztali (Portafilter) m\u00e9rlege kiv\u00e1l\u00f3 v\u00e1laszt\u00e1s a barist\u00e1k \u00e9s a k\u00e1v\u00e9rajong\u00f3k sz\u00e1m\u00e1ra, akik \u00e9rt\u00e9kelik a m\u00e9r\u00e9s pontoss\u00e1g\u00e1t. K\u00f6nny\u0171v\u00e9 teszi a portafilter m\u00e9r\u00e9s\u00e9t.<\/p>\n<p>Lehet \u00d6n egy tapasztalt otthoni barista, vagy \u00e9ppen most kezd elm\u00e9lyedni az otthon k\u00e1v\u00e9f\u0151z\u00e9s rejtelmeiben, ezzel a m\u00e9rleggel pontosan megm\u00e9rheti a k\u00e1v\u00e9babok t\u00f6meglt az alternat\u00edv f\u0151z\u00e9si m\u00f3dszerekhez.<\/p>\n<p>Jellemz\u0151k:<br \/>\n&#8211; Terhelhet\u0151s\u00e9g: 2 kg<br \/>\n&#8211; Pontoss\u00e1g: 0,1g<br \/>\n&#8211; T\u00e1lca m\u00e9retei: 150 mm x 158 mm<br \/>\n&#8211; T\u00e1pell\u00e1t\u00e1s: 1 x 9V elem (tartoz\u00e9k)<\/p>\n<p>Funkci\u00f3k:<br \/>\n&#8211; Tara \/ kalibr\u00e1l\u00e1s<br \/>\n&#8211; T\u00falt\u00f6lt\u00e9s elleni v\u00e9delem<br \/>\n&#8211; V\u00e1laszthat\u00f3 Auto \u2013 Ki<\/p>\n","protected":false},"featured_media":1462,"comment_status":"open","ping_status":"closed","template":"","meta":{"_seopress_robots_primary_cat":"none","_seopress_titles_title":"Caf\u00e9 Tiko | Rhino Coffee Gear bench barista m\u00e9rleg","_seopress_titles_desc":"T\u00f6k\u00e9letess\u00e9g a legjobb cs\u00e9sze k\u00e1v\u00e9 megf\u0151z\u00e9s\u00e9hez, a Coffee Gear Bench (Portafilter) m\u00e9rleg kiv\u00e1l\u00f3 v\u00e1laszt\u00e1s barist\u00e1k \u00e9s k\u00e1v\u00e9rajong\u00f3k sz\u00e1m\u00e1ra.","_seopress_robots_index":""},"product_brand":[54],"product_cat":[82,86],"product_tag":[],"class_list":{"0":"post-1459","1":"product","2":"type-product","3":"status-publish","4":"has-post-thumbnail","6":"product_brand-rhino","7":"product_cat-barista-eszkozok","8":"product_cat-merlegek","10":"first","11":"instock","12":"shipping-taxable","13":"purchasable","14":"product-type-simple"},"jetpack_sharing_enabled":true,"pll_sync_post":[],"lang":"hu","translations":{"hu":1459,"en":1466},"_links":{"self":[{"href":"https:\/\/cafetiko.com\/index.php\/wp-json\/wp\/v2\/product\/1459","targetHints":{"allow":["GET"]}}],"collection":[{"href":"https:\/\/cafetiko.com\/index.php\/wp-json\/wp\/v2\/product"}],"about":[{"href":"https:\/\/cafetiko.com\/index.php\/wp-json\/wp\/v2\/types\/product"}],"replies":[{"embeddable":true,"href":"https:\/\/cafetiko.com\/index.php\/wp-json\/wp\/v2\/comments?post=1459"}],"version-history":[{"count":2,"href":"https:\/\/cafetiko.com\/index.php\/wp-json\/wp\/v2\/product\/1459\/revisions"}],"predecessor-version":[{"id":1473,"href":"https:\/\/cafetiko.com\/index.php\/wp-json\/wp\/v2\/product\/1459\/revisions\/1473"}],"wp:featuredmedia":[{"embeddable":true,"href":"https:\/\/cafetiko.com\/index.php\/wp-json\/wp\/v2\/media\/1462"}],"wp:attachment":[{"href":"https:\/\/cafetiko.com\/index.php\/wp-json\/wp\/v2\/media?parent=1459"}],"wp:term":[{"taxonomy":"product_brand","embeddable":true,"href":"https:\/\/cafetiko.com\/index.php\/wp-json\/wp\/v2\/product_brand?post=1459"},{"taxonomy":"product_cat","embeddable":true,"href":"https:\/\/cafetiko.com\/index.php\/wp-json\/wp\/v2\/product_cat?post=1459"},{"taxonomy":"product_tag","embeddable":true,"href":"https:\/\/cafetiko.com\/index.php\/wp-json\/wp\/v2\/product_tag?post=1459"}],"curies":[{"name":"wp","href":"https:\/\/api.w.org\/{rel}","templated":true}]}}