{"id":1482,"date":"2025-03-06T10:25:04","date_gmt":"2025-03-06T09:25:04","guid":{"rendered":"https:\/\/cafetiko.dunakanyaresztetika.hu\/?post_type=product&#038;p=1482"},"modified":"2025-03-15T10:00:17","modified_gmt":"2025-03-15T09:00:17","slug":"hario-mizudashi-coffee-pot-mini-barna","status":"publish","type":"product","link":"https:\/\/cafetiko.com\/index.php\/hu\/product\/hario-mizudashi-coffee-pot-mini-barna\/","title":{"rendered":"Hario &#8211; Mizudashi Coffee Pot Mini &#8211; Barna"},"content":{"rendered":"","protected":false},"excerpt":{"rendered":"<h2>Hario &#8211; Mizudashi Coffee Pot Mini &#8211; Barna<\/h2>\n<p>Ha szereti a Cold Brew k\u00e1v\u00e9t, akkor biztosan im\u00e1dni fogja a Hario Mizudashi K\u00e1v\u00e9f\u0151z\u0151t. Ez az egyszer\u0171 f\u0151z\u00e9si m\u00f3dszer lehet\u0151v\u00e9 teszi a k\u00e1v\u00e9 teljes test\u00e9nek \u00e9s arom\u00e1j\u00e1nak kivon\u00e1s\u00e1t.<\/p>\n<p>A Cold Brew (hideg f\u0151z\u00e9s) lehet\u0151v\u00e9 teszi, hogy a k\u00e1v\u00e9 meg\u0151rizze a finom \u00edzeket, mik\u00f6zben kik\u00fcsz\u00f6b\u00f6li a keser\u0171 savakat \u00e9s olajokat, amelyek a magas h\u0151m\u00e9rs\u00e9kleten t\u00f6rt\u00e9n\u0151 f\u0151z\u00e9s eredm\u00e9nyei. A magas min\u0151s\u00e9g\u0171 \u00e1lland\u00f3 sz\u0171r\u0151 garant\u00e1lja a k\u00e1v\u00e9 tisztas\u00e1g\u00e1t.<\/p>\n<p>Csak ennyit kell tennie a finom, testes k\u00e1v\u00e9 elk\u00e9sz\u00edt\u00e9s\u00e9hez:<\/p>\n<ol>\n<li>\u0151r\u00f6lje meg kedvenc k\u00e1v\u00e9j\u00e1t \u00e9s t\u00f6ltse a sz\u0171r\u0151be (kb. 5g k\u00e1v\u00e9 minden 100 ml v\u00edzre)<\/li>\n<li>helyezze a sz\u0171r\u0151t a kancs\u00f3ba<\/li>\n<li>\u00f6ntse le a k\u00e1v\u00e9t hideg v\u00edzzel<\/li>\n<li>tegye a h\u0171t\u0151be 12-36 \u00f3r\u00e1ra, az \u00f6n preferenci\u00e1j\u00e1t\u00f3l f\u00fcgg\u0151en<\/li>\n<li>t\u00e1vol\u00edtsa el a sz\u0171r\u0151t \u00e9s \u00e9lvezze a finom k\u00e1v\u00e9 \u00edz\u00e9t<\/li>\n<\/ol>\n<p>&nbsp;<\/p>\n<p>Kapacit\u00e1s: 600ml<\/p>\n","protected":false},"featured_media":1485,"comment_status":"open","ping_status":"closed","template":"","meta":{"_seopress_robots_primary_cat":"none","_seopress_titles_title":"Caf\u00e9 Tiko | Hario - Mizudashi Coffee Pot Mini - Barna","_seopress_titles_desc":"Szereti a Cold Brew k\u00e1v\u00e9t? Akkor im\u00e1dni fogja a Hario Mizudashi-t! Ez az egyszer\u0171 f\u0151z\u00e9si m\u00f3dszer lehet\u0151v\u00e9 teszi a k\u00e1v\u00e9 teljes test\u00e9nek \u00e9s arom\u00e1j\u00e1nak kivon\u00e1s\u00e1t.","_seopress_robots_index":""},"product_brand":[52],"product_cat":[82,90],"product_tag":[],"class_list":{"0":"post-1482","1":"product","2":"type-product","3":"status-publish","4":"has-post-thumbnail","6":"product_brand-hario","7":"product_cat-barista-eszkozok","8":"product_cat-eljarasokhoz","10":"first","11":"instock","12":"shipping-taxable","13":"purchasable","14":"product-type-simple"},"jetpack_sharing_enabled":true,"pll_sync_post":[],"lang":"hu","translations":{"hu":1482,"en":1489},"_links":{"self":[{"href":"https:\/\/cafetiko.com\/index.php\/wp-json\/wp\/v2\/product\/1482","targetHints":{"allow":["GET"]}}],"collection":[{"href":"https:\/\/cafetiko.com\/index.php\/wp-json\/wp\/v2\/product"}],"about":[{"href":"https:\/\/cafetiko.com\/index.php\/wp-json\/wp\/v2\/types\/product"}],"replies":[{"embeddable":true,"href":"https:\/\/cafetiko.com\/index.php\/wp-json\/wp\/v2\/comments?post=1482"}],"version-history":[{"count":2,"href":"https:\/\/cafetiko.com\/index.php\/wp-json\/wp\/v2\/product\/1482\/revisions"}],"predecessor-version":[{"id":1844,"href":"https:\/\/cafetiko.com\/index.php\/wp-json\/wp\/v2\/product\/1482\/revisions\/1844"}],"wp:featuredmedia":[{"embeddable":true,"href":"https:\/\/cafetiko.com\/index.php\/wp-json\/wp\/v2\/media\/1485"}],"wp:attachment":[{"href":"https:\/\/cafetiko.com\/index.php\/wp-json\/wp\/v2\/media?parent=1482"}],"wp:term":[{"taxonomy":"product_brand","embeddable":true,"href":"https:\/\/cafetiko.com\/index.php\/wp-json\/wp\/v2\/product_brand?post=1482"},{"taxonomy":"product_cat","embeddable":true,"href":"https:\/\/cafetiko.com\/index.php\/wp-json\/wp\/v2\/product_cat?post=1482"},{"taxonomy":"product_tag","embeddable":true,"href":"https:\/\/cafetiko.com\/index.php\/wp-json\/wp\/v2\/product_tag?post=1482"}],"curies":[{"name":"wp","href":"https:\/\/api.w.org\/{rel}","templated":true}]}}