{"id":2783,"date":"2026-01-07T17:40:38","date_gmt":"2026-01-07T16:40:38","guid":{"rendered":"https:\/\/cafetiko.com\/?post_type=product&#038;p=2783"},"modified":"2026-01-08T14:06:21","modified_gmt":"2026-01-08T13:06:21","slug":"guayacan-guatemala-to-go","status":"publish","type":"product","link":"https:\/\/cafetiko.com\/index.php\/hu\/product\/guayacan-guatemala-to-go\/","title":{"rendered":"Guayac\u00e1n &#8211; Guatemala vidd magaddal specialty k\u00e1v\u00e9"},"content":{"rendered":"","protected":false},"excerpt":{"rendered":"<h2>Guayac\u00e1n &#8211; Guatemala vidd magaddal specialty k\u00e1v\u00e9<\/h2>\n<p>Excellent min\u0151s\u00edt\u00e9s\u0171, 100% Arabica k\u00e1v\u00e9 Guatemal\u00e1b\u00f3l, a h\u00edres Huehuetenango r\u00e9gi\u00f3 \u201eWaykan\u201d v\u00e1logat\u00e1s\u00e1b\u00f3l, melyet arra tervezt\u00fcnk, hogy magaddal vihesd kedvencedet, b\u00e1rhov\u00e1 is m\u00e9sz.<\/p>\n<p>Az elk\u00e9sz\u00edt\u00e9s\u00e9hez a filter mell\u00e9 csak egy b\u00f6gr\u00e9re, forr\u00f3 v\u00edzre \u00e9s p\u00e1r percre lesz sz\u00fcks\u00e9ged.<\/p>\n<p>A Waykan a \u201eRegional Select\u201d program r\u00e9sze: sok kistermel\u0151 mikrolotjainak c\u00e9lzott, min\u0151s\u00e9g szerinti h\u00e1zas\u00edt\u00e1sa, hogy kiemelje Huehuetenango r\u00e9gi\u00f3 jellegzetes \u00edzeit \u2014 ropog\u00f3s gy\u00fcm\u00f6lcs\u00f6s savak, kiegyens\u00falyozott \u00e9dess\u00e9g, di\u00f3ss\u00e1g. A helyi gazdas\u00e1g ~80%-\u00e1t k\u00f6zvetlen\u00fcl vagy k\u00f6zvetetten a k\u00e1v\u00e9 mozgatja.<\/p>\n<p><strong>\u00cdzjegyek<\/strong>: Intenz\u00edv pralin\u00e9 \u00e9s pek\u00e1ndi\u00f3, enyhe \u201ecukork\u00e1s\u201d \u00e9dess\u00e9ggel \u00e9s finom savakkal: a r\u00e9gi\u00f3ra jellemz\u0151 alma, sz\u0151l\u0151 \u00e9s citrom.<\/p>\n<p><strong>Feldolgoz\u00e1s<\/strong>: <strong>mosott<\/strong><br \/>\n\u00c9retten sz\u00fcretelve, a gy\u00fcm\u00f6lcsh\u00fas elt\u00e1vol\u00edt\u00e1sa m\u00e9g aznap vagy legk\u00e9s\u0151bb m\u00e1snap megt\u00f6rt\u00e9nik. Ezt k\u00f6vet\u0151en 12\u201348 \u00f3r\u00e1n kereszt\u00fcl erjesztik az id\u0151j\u00e1r\u00e1st\u00f3l f\u00fcgg\u0151en, majd tiszt\u00e1ra moss\u00e1k \u00e9s a napon sz\u00e1r\u00edtj\u00e1k.<\/p>\n<p><strong>P\u00f6rk\u00f6l\u00e9s: <\/strong>vil\u00e1gos<\/p>\n<p><strong>Fajt\u00e1k &amp; term\u0151hely<\/strong>: Bourbon, Caturra, Pache, Maragogype \u00e9s Catimor kever\u00e9ke; 1400\u20132200 m magass\u00e1g, Huehuetenango r\u00e9gi\u00f3, Guatemala.<\/p>\n<p><strong>Program &amp; nyomonk\u00f6vethet\u0151s\u00e9g<\/strong><br \/>\nRegional Select: Specialty min\u0151s\u00edt\u00e9s szerinti 84\u201387 pontos t\u00e9telek c\u00e9lzott v\u00e1logat\u00e1sa, r\u00e9gi\u00f3s\/mikror\u00e9gi\u00f3s nyomonk\u00f6vethet\u0151s\u00e9ggel, stabil \u00e1raz\u00e1ssal a kistermel\u0151k fel\u00e9.<\/p>\n<p>100% Arabica filter k\u00e1v\u00e9<\/p>\n<p>A k\u00fcls\u0151 csomagol\u00e1s teljesen \u00fajrahasznos\u00edthat\u00f3, a filter az elk\u00e9sz\u00edt\u00e9s ut\u00e1n komposzt hullad\u00e9kk\u00e9nt kezelend\u0151.<\/p>\n","protected":false},"featured_media":2789,"comment_status":"open","ping_status":"closed","template":"","meta":{"_seopress_robots_primary_cat":"none","_seopress_titles_title":"Caf\u00e9 Tiko | Guayac\u00e1n-Guatemala vidd magaddal specialty k\u00e1v\u00e9","_seopress_titles_desc":"Guatemalai specialty filterk\u00e1v\u00e9, neked tervezve, hogy b\u00e1rhov\u00e1 magaddal vihesd a kedvenc k\u00e1v\u00e9d. Vil\u00e1gos p\u00f6rk\u00f6l\u00e9s, mosott feldolgoz\u00e1s","_seopress_robots_index":""},"product_brand":[],"product_cat":[74,62],"product_tag":[275],"class_list":{"0":"post-2783","1":"product","2":"type-product","3":"status-publish","4":"has-post-thumbnail","6":"product_cat-filterkave","7":"product_cat-kaveink","8":"product_tag-kiemelt-termek","10":"first","11":"instock","12":"shipping-taxable","13":"purchasable","14":"product-type-variable","15":"has-default-attributes"},"jetpack_sharing_enabled":true,"pll_sync_post":[],"lang":"hu","translations":{"hu":2783,"en":2806},"_links":{"self":[{"href":"https:\/\/cafetiko.com\/index.php\/wp-json\/wp\/v2\/product\/2783","targetHints":{"allow":["GET"]}}],"collection":[{"href":"https:\/\/cafetiko.com\/index.php\/wp-json\/wp\/v2\/product"}],"about":[{"href":"https:\/\/cafetiko.com\/index.php\/wp-json\/wp\/v2\/types\/product"}],"replies":[{"embeddable":true,"href":"https:\/\/cafetiko.com\/index.php\/wp-json\/wp\/v2\/comments?post=2783"}],"version-history":[{"count":2,"href":"https:\/\/cafetiko.com\/index.php\/wp-json\/wp\/v2\/product\/2783\/revisions"}],"predecessor-version":[{"id":2796,"href":"https:\/\/cafetiko.com\/index.php\/wp-json\/wp\/v2\/product\/2783\/revisions\/2796"}],"wp:featuredmedia":[{"embeddable":true,"href":"https:\/\/cafetiko.com\/index.php\/wp-json\/wp\/v2\/media\/2789"}],"wp:attachment":[{"href":"https:\/\/cafetiko.com\/index.php\/wp-json\/wp\/v2\/media?parent=2783"}],"wp:term":[{"taxonomy":"product_brand","embeddable":true,"href":"https:\/\/cafetiko.com\/index.php\/wp-json\/wp\/v2\/product_brand?post=2783"},{"taxonomy":"product_cat","embeddable":true,"href":"https:\/\/cafetiko.com\/index.php\/wp-json\/wp\/v2\/product_cat?post=2783"},{"taxonomy":"product_tag","embeddable":true,"href":"https:\/\/cafetiko.com\/index.php\/wp-json\/wp\/v2\/product_tag?post=2783"}],"curies":[{"name":"wp","href":"https:\/\/api.w.org\/{rel}","templated":true}]}}