{"id":2896,"date":"2026-02-03T11:15:15","date_gmt":"2026-02-03T10:15:15","guid":{"rendered":"https:\/\/cafetiko.com\/?post_type=product&#038;p=2896"},"modified":"2026-02-08T13:10:55","modified_gmt":"2026-02-08T12:10:55","slug":"pereira-kolumbia-specialty-koffeinmentes-szemes-kave","status":"publish","type":"product","link":"https:\/\/cafetiko.com\/index.php\/hu\/product\/pereira-kolumbia-specialty-koffeinmentes-szemes-kave\/","title":{"rendered":"Pereira &#8211; Kolumbia Specialty koffeinmentes szemes k\u00e1v\u00e9"},"content":{"rendered":"","protected":false},"excerpt":{"rendered":"<h2>Pereira &#8211; Kolumbia Specialty koffeinmentes szemes k\u00e1v\u00e9<\/h2>\n<p>Excellent min\u0151s\u00edt\u00e9s\u0171 specialty 100% Arabica szemes k\u00e1v\u00e9 Kolumbi\u00e1b\u00f3l (Huila r\u00e9gi\u00f3), 1400-2000 m\u00e9ter tengerszint feletti magass\u00e1gb\u00f3l, <strong>k\u00f6zepes p\u00f6rk\u00f6l\u00e9s<\/strong>sel. 250g vagy 500g-os kiszerel\u00e9sben.<\/p>\n<p>sz\u00e1rmaz\u00e1s: ASOMUJER &#8211; Timan\u00e1 &#8211; Huila<\/p>\n<p>A kolumbiai k\u00e1v\u00e9 a vil\u00e1g egyik legismertebb \u00e9s legdinamikusabb k\u00e1v\u00e9ja, sz\u00e1mos term\u0151r\u00e9gi\u00f3val, ahol a k\u00e1v\u00e9 egyedi jellemz\u0151 \u00edzvil\u00e1g\u00e1t meghat\u00e1rozza, hogy e nagy orsz\u00e1g mely mikrokl\u00edm\u00e1j\u00e1ban termett. A Gran Galope k\u00edn\u00e1lat Kolumbia Huila r\u00e9gi\u00f3j\u00e1nak n\u00e9h\u00e1ny tengerszint felett 1400-2000 m\u00e9teren fekv\u0151 kistermel\u0151 gazdas\u00e1g\u00e1b\u00f3l sz\u00e1rmazik.<\/p>\n<p><strong>\u00cdzjegyek<\/strong>: enyhe van\u00edli\u00e1s \u00e9s sz\u00e1r\u00edtott citrusos \u00edzjegyek. L\u00e1gy \u00e9dess\u00e9ggel, mely <span class=\"T286Pc\" data-sfc-cp=\"\" data-complete=\"true\">selymes \u00e9s kerek \u00e9rzetet ad a k\u00e1v\u00e9nak.<\/span><\/p>\n<p><strong>Elj\u00e1r\u00e1s: mosott<br \/>\n<\/strong><span class=\"HwtZe\" lang=\"hu\"><span class=\"jCAhz ChMk0b\"><span class=\"ryNqvb\">Kolumbia legink\u00e1bb a mosott feldolgoz\u00e1s\u00fa k\u00e1v\u00e9ir\u00f3l ismert.<\/span><\/span> <span class=\"jCAhz ChMk0b\"><span class=\"ryNqvb\">M\u00edg a feldolgoz\u00e1s r\u00e9szletei gazdas\u00e1gonk\u00e9nt vagy t\u00e1rsul\u00e1sonk\u00e9nt kiss\u00e9 elt\u00e9rhetnek, a k\u00e1v\u00e9t \u00e1ltal\u00e1ban \u00e9retten szedik le, \u00e9s m\u00e9g aznap megfosztj\u00e1k a h\u00fas\u00e1t\u00f3l, majd nyitott ed\u00e9nyekben vagy v\u00f6dr\u00f6kben szabad leveg\u0151n erjesztik 12\u201336 \u00f3r\u00e1n kereszt\u00fcl.<\/span><\/span> Ezut\u00e1n a<\/span><span class=\"HwtZe\" lang=\"hu\"><span class=\"jCAhz ChMk0b\"><span class=\"ryNqvb\"> szemeket megtiszt\u00edtj\u00e1k a kor\u00e1bban rajta hagyott h\u00e1rty\u00e1t\u00f3l (mucil\u00e1zs), majd v\u00e9g\u00fcl teraszon, parabolikus sz\u00e1r\u00edt\u00f3ban, szol\u00e1ris sz\u00e1r\u00edt\u00f3ban vagy g\u00e9pekkel sz\u00e1r\u00edtj\u00e1k.<\/span><\/span><\/span><\/p>\n<p>&nbsp;<\/p>\n<div class=\"Y3BBE\" data-sfc-cp=\"\" data-hveid=\"CAEIAhAA\" data-complete=\"true\" data-processed=\"true\">Az <strong class=\"Yjhzub\" data-complete=\"true\" data-processed=\"true\">ASOMUJER<\/strong> (Asociaci\u00f3n de Campesinas del Sur del Huila) egy n\u0151i kistermel\u0151ket t\u00f6m\u00f6r\u00edt\u0151 egyes\u00fclet, amely a d\u00e9l-huilai Huila megy\u00e9ben, Timan\u00e1 k\u00f6zs\u00e9gben tal\u00e1lhat\u00f3. A csoportot 2007-ben alap\u00edtotta t\u00edz olyan n\u0151, akik \u00faj vagy alternat\u00edv \u00fczleti lehet\u0151s\u00e9geket kerestek, hogy t\u00f6bbet keressenek term\u00e9keikkel \u00e9s kem\u00e9ny munk\u00e1jukkal. Ma az ASOMUJER 75 n\u0151i termel\u0151b\u0151l \u00e1ll, k\u00f6zt\u00fck aktivist\u00e1kb\u00f3l, egyed\u00fcl\u00e1ll\u00f3 any\u00e1kb\u00f3l \u00e9s Kolumbia konfliktus s\u00fajtotta \u00f6vezeteib\u0151l elmenek\u00fclt n\u0151kb\u0151l.<\/div>\n<div class=\"Y3BBE\" data-sfc-cp=\"\" data-hveid=\"CAEIAxAA\" data-complete=\"true\" data-processed=\"true\">Folyamatosan t\u00f6rekszenek a kiv\u00e1l\u00f3 min\u0151s\u00e9g\u0171 k\u00e1v\u00e9 el\u0151\u00e1ll\u00edt\u00e1s\u00e1ra \u00e9s \u00e9rt\u00e9kes\u00edt\u00e9s\u00e9re, technikai t\u00e1mogat\u00e1st ny\u00fajtva partnereiknek a k\u00e1v\u00e9termel\u00e9s, a feldolgoz\u00e1s \u00e9s az \u00e9rt\u00e9kes\u00edt\u00e9s teljes folyamata sor\u00e1n. C\u00e9ljuk, hogy versenyk\u00e9pes \u00e9s piacvezet\u0151 szervezett\u00e9 v\u00e1ljanak a r\u00e9gi\u00f3 min\u0151s\u00e9gi k\u00e1v\u00e9inak gy\u00e1rt\u00e1s\u00e1ban \u00e9s kereskedelm\u00e9ben. Az ASOMUJER azon dolgozik, hogy a gazdas\u00e1gi, k\u00f6rnyezeti \u00e9s szolidarit\u00e1si fenntarthat\u00f3s\u00e1g elveire alapozva jelent\u0151sen hozz\u00e1j\u00e1ruljon a k\u00e1v\u00e9termeszt\u0151k jobb anyagi megt\u00e9r\u00fcl\u00e9s\u00e9hez \u00e9s \u00e9letmin\u0151s\u00e9g\u00fck jav\u00edt\u00e1s\u00e1hoz. Tagjaikat, munkat\u00e1rsaikat \u00e9s a t\u00e1rsadalom eg\u00e9sz\u00e9t k\u00e9pz\u00e9sekkel, kapacit\u00e1sb\u0151v\u00edt\u00e9ssel \u00e9s technikai seg\u00edts\u00e9ggel t\u00e1mogatj\u00e1k, biztos\u00edtva ezzel a r\u00e9gi\u00f3 m\u00e9lt\u00e1nyos gazdas\u00e1gi, t\u00e1rsadalmi \u00e9s k\u00f6rnyezeti fejl\u0151d\u00e9s\u00e9t.<\/div>\n<p>&nbsp;<\/p>\n<p class=\"ryNqvb\">100% Arabica szemes k\u00e1v\u00e9.<\/p>\n<p>Ezt a k\u00e1v\u00e9t <strong>k\u00f6zepes p\u00f6rk\u00f6l\u00e9s<\/strong>sel sz\u00e1ll\u00edtjuk.<\/p>\n<p><strong>Arabica vari\u00e1nsok<\/strong>: Castillo, Caturra, Colombia<\/p>\n<p>A csomagol\u00e1s teljes m\u00e9rt\u00e9kben \u00fajrahasznos\u00edthat\u00f3 (4. szint)<\/p>\n<p>&nbsp;<\/p>\n","protected":false},"featured_media":3014,"comment_status":"open","ping_status":"closed","template":"","meta":{"_seopress_robots_primary_cat":"none","_seopress_titles_title":"Pereira - Kolumbia Specialty koffeinmentes szemes k\u00e1v\u00e9","_seopress_titles_desc":"Koffeinmentes specialty min\u0151s\u00edt\u00e9s\u0171, 100% Arabica szemes k\u00e1v\u00e9 Kolumbi\u00e1b\u00f3l (Huila r\u00e9gi\u00f3, 1400-2000 m\u00e9ter tengerszint felett). Mosott elj\u00e1r\u00e1s, k\u00f6zepes p\u00f6rk\u00f6l\u00e9s.","_seopress_robots_index":""},"product_brand":[44],"product_cat":[62,66],"product_tag":[],"class_list":{"0":"post-2896","1":"product","2":"type-product","3":"status-publish","4":"has-post-thumbnail","6":"product_brand-cafetiko","7":"product_cat-kaveink","8":"product_cat-szemeskave","10":"first","11":"instock","12":"shipping-taxable","13":"purchasable","14":"product-type-variable","15":"has-default-attributes"},"jetpack_sharing_enabled":true,"pll_sync_post":[],"lang":"hu","translations":{"hu":2896,"en":2900},"_links":{"self":[{"href":"https:\/\/cafetiko.com\/index.php\/wp-json\/wp\/v2\/product\/2896","targetHints":{"allow":["GET"]}}],"collection":[{"href":"https:\/\/cafetiko.com\/index.php\/wp-json\/wp\/v2\/product"}],"about":[{"href":"https:\/\/cafetiko.com\/index.php\/wp-json\/wp\/v2\/types\/product"}],"replies":[{"embeddable":true,"href":"https:\/\/cafetiko.com\/index.php\/wp-json\/wp\/v2\/comments?post=2896"}],"version-history":[{"count":4,"href":"https:\/\/cafetiko.com\/index.php\/wp-json\/wp\/v2\/product\/2896\/revisions"}],"predecessor-version":[{"id":3008,"href":"https:\/\/cafetiko.com\/index.php\/wp-json\/wp\/v2\/product\/2896\/revisions\/3008"}],"wp:featuredmedia":[{"embeddable":true,"href":"https:\/\/cafetiko.com\/index.php\/wp-json\/wp\/v2\/media\/3014"}],"wp:attachment":[{"href":"https:\/\/cafetiko.com\/index.php\/wp-json\/wp\/v2\/media?parent=2896"}],"wp:term":[{"taxonomy":"product_brand","embeddable":true,"href":"https:\/\/cafetiko.com\/index.php\/wp-json\/wp\/v2\/product_brand?post=2896"},{"taxonomy":"product_cat","embeddable":true,"href":"https:\/\/cafetiko.com\/index.php\/wp-json\/wp\/v2\/product_cat?post=2896"},{"taxonomy":"product_tag","embeddable":true,"href":"https:\/\/cafetiko.com\/index.php\/wp-json\/wp\/v2\/product_tag?post=2896"}],"curies":[{"name":"wp","href":"https:\/\/api.w.org\/{rel}","templated":true}]}}