{"id":3053,"date":"2026-03-16T14:12:30","date_gmt":"2026-03-16T13:12:30","guid":{"rendered":"https:\/\/cafetiko.com\/?post_type=product&#038;p=3053"},"modified":"2026-03-26T10:57:14","modified_gmt":"2026-03-26T09:57:14","slug":"oromo-etiopia-vidd-magaddal-specialty-kave-2026","status":"publish","type":"product","link":"https:\/\/cafetiko.com\/index.php\/hu\/product\/oromo-etiopia-vidd-magaddal-specialty-kave-2026\/","title":{"rendered":"Oromo &#8211; Eti\u00f3pia vidd magaddal specialty k\u00e1v\u00e9"},"content":{"rendered":"","protected":false},"excerpt":{"rendered":"<h2>Oromo &#8211; Eti\u00f3pia vidd magaddal specialty k\u00e1v\u00e9<\/h2>\n<p>Excellent min\u0151s\u00edt\u00e9s\u0171, 100% Arabica k\u00e1v\u00e9 Eti\u00f3pi\u00e1b\u00f3l, melyet arra tervezt\u00fcnk, hogy magaddal vihesd kedvencedet, b\u00e1rhov\u00e1 is m\u00e9sz.<\/p>\n<p>Az elk\u00e9sz\u00edt\u00e9s\u00e9hez a filter mell\u00e9 csak egy b\u00f6gr\u00e9re, forr\u00f3 v\u00edzre \u00e9s p\u00e1r percre lesz sz\u00fcks\u00e9ged.<\/p>\n<p>Excellent min\u0151s\u00edt\u00e9s\u0171, 100% Arabica k\u00e1v\u00e9 Eti\u00f3pi\u00e1b\u00f3l (Idido, Yirgacheffe, 1850-1880 m\u00e9ter tengerszint feletti magass\u00e1gb\u00f3l), <strong>vil\u00e1gos p\u00f6rk\u00f6l\u00e9ssel<\/strong>.<\/p>\n<p><strong>\u00cdzjegyek<\/strong>: Friss, vir\u00e1gos arom\u00e1k enyhe karamell\u00e1s \u00edzjegyekkel. Boros savass\u00e1g \u00e9s l\u00e1gy, tiszta, gy\u00fcm\u00f6lcs\u00f6s \u00e9dess\u00e9g.<br \/>\nBoros savass\u00e1g: a v\u00f6r\u00f6sborokhoz hasonl\u00f3, \u00e9rett \u00e9s komplex savakat jelenti, mely nagyon sok kenyai vagy eti\u00f3p k\u00e1v\u00e9ra jellemz\u0151.<br \/>\nL\u00e1gy, tiszta, gy\u00fcm\u00f6lcs\u00f6s \u00e9dess\u00e9g: egy nem tolakod\u00f3 \u00e9dess\u00e9g, mely a friss gy\u00fcm\u00f6lcs\u00f6ket id\u00e9zi<\/p>\n<p><strong>Feldolgoz\u00e1s<\/strong>: mosott &#8211; special prep<br \/>\nA <em>special prep<\/em> elj\u00e1r\u00e1s sor\u00e1n (melyet az eti\u00f3p termel\u0151k \u00e1ltal\u00e1ban \u201ePremium\u201d kateg\u00f3riak\u00e9nt eml\u00edtenek) a k\u00e1v\u00e9csereszny\u00e9ket korl\u00e1tozott sz\u00e1m\u00fa kistermel\u0151t\u0151l gy\u0171jtik be.<br \/>\nA szemek 90%-a t\u00f6k\u00e9letesen \u00e9rett, ide\u00e1lis piros sz\u00edn\u0171, 5%-a f\u00e9l\u00e9rett, 5%-a pedig t\u00fal\u00e9rett. Ezt a mennyis\u00e9get a t\u00f6bbi t\u00e9telt\u0151l elk\u00fcl\u00f6n\u00edtve dolgozz\u00e1k fel \u00e9s t\u00e1rolj\u00e1k. \u00c1ltal\u00e1ban \u00e9vente mind\u00f6ssze n\u00e9h\u00e1ny zs\u00e1knyi k\u00e1v\u00e9 k\u00e9sz\u00fcl ezzel a m\u00f3dszerrel. Az esetek t\u00f6bbs\u00e9g\u00e9ben az ilyen t\u00e9telekhez haszn\u00e1lt csereszny\u00e9ket egyetlen nap term\u00e9s\u00e9b\u0151l (\u00fagynevezett day lot-b\u00f3l) v\u00e1logatj\u00e1k \u00f6ssze.<br \/>\nA mosott elj\u00e1r\u00e1s menete Eti\u00f3pi\u00e1ban \u00e1llom\u00e1sonk\u00e9nt kiss\u00e9 elt\u00e9rhet, de \u00e1ltal\u00e1noss\u00e1gban az \u00e9retten szedett k\u00e1v\u00e9t m\u00e9g aznap megfosztj\u00e1k a gy\u00fcm\u00f6lcsh\u00fast\u00f3l. Ezt rendszerint egy 8\u201312 \u00f3r\u00e1s, nyitott tart\u00e1lyokban v\u00e9gzett ferment\u00e1ci\u00f3s id\u0151szak k\u00f6veti, majd vizes csatorn\u00e1kban \u00e1tmosva t\u00e1vol\u00edtj\u00e1k el a marad\u00e9k gy\u00fcm\u00f6lcsh\u00fast. A k\u00e1v\u00e9babokat ezut\u00e1n emelt \u00e1gyakon ter\u00edtik sz\u00e9t, ahol az id\u0151j\u00e1r\u00e1st\u00f3l f\u00fcgg\u0151en 5\u201315 napig sz\u00e1radnak.<\/p>\n<p>&nbsp;<\/p>\n<p>Az Idido faluban (helyi nev\u00e9n kebele) tal\u00e1lhat\u00f3 Idido feldolgoz\u00f3\u00e1llom\u00e1s, amelyet az Ardent Coffee Exporter \u00fczemelteti. A Yirgacheffe v\u00e1ros\u00e1t k\u00f6r\u00fcl\u00f6lel\u0151 falvakat szolg\u00e1lja ki, t\u00f6bbek k\u00f6z\u00f6tt Idid\u00f3t, Arich\u00e1t, Work\u00e1t, Chelbes\u00e1t \u00e9s Halabaritit. A novembert\u0151l janu\u00e1rig tart\u00f3 sz\u00fcreti szezonban mintegy 1200 gazda sz\u00e1ll\u00edtja be ide rendszeresen a k\u00e1v\u00e9csereszny\u00e9t.<br \/>\nA <strong>Malebo Project<\/strong> az Idido feldolgoz\u00f3\u00e1llom\u00e1s egy olyan term\u00e9kvonala, amelyhez az Idido k\u00f6rny\u00e9k\u00e9r\u0151l sz\u00e1rmaz\u00f3, v\u00e1logatott Grade 1 (els\u0151 oszt\u00e1ly\u00fa) k\u00e1v\u00e9gy\u00f6m\u00fclcs\u00f6t dolgozt\u00e1k fel. Ebben a szezonban ez volt az Idido mos\u00f3\u00e1llom\u00e1s egyetlen mosott elj\u00e1r\u00e1ssal k\u00e9sz\u00fclt k\u00e1v\u00e9ja. A k\u00e1v\u00e9t a teljes, 18 napos sz\u00e1r\u00edt\u00e1si folyamat alatt v\u00e9gig k\u00e9zzel v\u00e1logatt\u00e1k, majd a h\u00e1ntol\u00e1s el\u0151tt n\u00e9gy h\u00e9tig pihentett\u00e9k, am\u00edg a szemek nedvess\u00e9gtartalma el nem \u00e9rte az egyenletes 11,2%-ot.<br \/>\nA <strong>Malebo Project<\/strong> elad\u00e1saib\u00f3l sz\u00e1rmaz\u00f3 bev\u00e9telb\u0151l fontonk\u00e9nt (~0,45kg) 0.10 doll\u00e1rral t\u00e1mogatj\u00e1k az Ardent Children Center (ACC) \u00e1rvah\u00e1zat, amelyet az Ardent Coffee Exporter alap\u00edtott \u00e9s finansz\u00edroz. Az int\u00e9zm\u00e9nyt az\u00e9rt hozt\u00e1k l\u00e9tre, hogy az \u00e1rva \u00e9s f\u00e9l\u00e1rva gyermekek sz\u00e1m\u00e1ra megfelel\u0151 \u00e9lelmez\u00e9st, eg\u00e9szs\u00e9g\u00fcgyi ell\u00e1t\u00e1st, oktat\u00e1st \u00e9s j\u00e1t\u00e9klehet\u0151s\u00e9get biztos\u00edtsanak, garant\u00e1lva a biztons\u00e1gos \u00e9s boldog gyermekkort. Tov\u00e1bbi inform\u00e1ci\u00f3k\u00e9rt l\u00e1togass el az Ardent weboldal\u00e1ra.<\/p>\n<p>100% Arabica filter k\u00e1v\u00e9.<\/p>\n<p>Ezt a k\u00e1v\u00e9t <strong>vil\u00e1gos p\u00f6rk\u00f6l\u00e9s<\/strong>sel sz\u00e1ll\u00edtjuk.<\/p>\n<p><strong>Arabica vari\u00e1ns<\/strong>: Heirloom Ethiopian vari\u00e1nsok<\/p>\n<p>A k\u00fcls\u0151 csomagol\u00e1s teljesen \u00fajrahasznos\u00edthat\u00f3, a filter az elk\u00e9sz\u00edt\u00e9s ut\u00e1n komposzt hullad\u00e9kk\u00e9nt kezelend\u0151.<\/p>\n<p>&nbsp;<\/p>\n","protected":false},"featured_media":3122,"comment_status":"open","ping_status":"closed","template":"","meta":{"_seopress_robots_primary_cat":"none","_seopress_titles_title":"Caf\u00e9 Tiko | Oromo - Eti\u00f3pia vidd magaddal specialty k\u00e1v\u00e9","_seopress_titles_desc":"Specialty filterk\u00e1v\u00e9 Eti\u00f3pi\u00e1b\u00f3l, neked tervezve, hogy b\u00e1rhov\u00e1 magaddal vihesd a kedvenc k\u00e1v\u00e9d. Mosott feldolgoz\u00e1s, vil\u00e1gos p\u00f6rk\u00f6l\u00e9s.","_seopress_robots_index":""},"product_brand":[44],"product_cat":[74,62],"product_tag":[275],"class_list":{"0":"post-3053","1":"product","2":"type-product","3":"status-publish","4":"has-post-thumbnail","6":"product_brand-cafetiko","7":"product_cat-filterkave","8":"product_cat-kaveink","9":"product_tag-kiemelt-termek","11":"first","12":"instock","13":"shipping-taxable","14":"purchasable","15":"product-type-variable","16":"has-default-attributes"},"jetpack_sharing_enabled":true,"pll_sync_post":[],"lang":"hu","translations":{"hu":3053,"en":3065},"_links":{"self":[{"href":"https:\/\/cafetiko.com\/index.php\/wp-json\/wp\/v2\/product\/3053","targetHints":{"allow":["GET"]}}],"collection":[{"href":"https:\/\/cafetiko.com\/index.php\/wp-json\/wp\/v2\/product"}],"about":[{"href":"https:\/\/cafetiko.com\/index.php\/wp-json\/wp\/v2\/types\/product"}],"replies":[{"embeddable":true,"href":"https:\/\/cafetiko.com\/index.php\/wp-json\/wp\/v2\/comments?post=3053"}],"version-history":[{"count":2,"href":"https:\/\/cafetiko.com\/index.php\/wp-json\/wp\/v2\/product\/3053\/revisions"}],"predecessor-version":[{"id":3087,"href":"https:\/\/cafetiko.com\/index.php\/wp-json\/wp\/v2\/product\/3053\/revisions\/3087"}],"wp:featuredmedia":[{"embeddable":true,"href":"https:\/\/cafetiko.com\/index.php\/wp-json\/wp\/v2\/media\/3122"}],"wp:attachment":[{"href":"https:\/\/cafetiko.com\/index.php\/wp-json\/wp\/v2\/media?parent=3053"}],"wp:term":[{"taxonomy":"product_brand","embeddable":true,"href":"https:\/\/cafetiko.com\/index.php\/wp-json\/wp\/v2\/product_brand?post=3053"},{"taxonomy":"product_cat","embeddable":true,"href":"https:\/\/cafetiko.com\/index.php\/wp-json\/wp\/v2\/product_cat?post=3053"},{"taxonomy":"product_tag","embeddable":true,"href":"https:\/\/cafetiko.com\/index.php\/wp-json\/wp\/v2\/product_tag?post=3053"}],"curies":[{"name":"wp","href":"https:\/\/api.w.org\/{rel}","templated":true}]}}